{"id":867,"date":"2026-04-19T22:29:13","date_gmt":"2026-04-19T20:29:13","guid":{"rendered":"https:\/\/astroevents.ch\/?page_id=867"},"modified":"2026-04-19T22:35:31","modified_gmt":"2026-04-19T20:35:31","slug":"chasseral","status":"publish","type":"page","link":"https:\/\/astroevents.ch\/fr\/chasseral","title":{"rendered":"Chasseral"},"content":{"rendered":"\n<div class=\"wp-block-columns is-layout-flex wp-container-core-columns-is-layout-9d6595d7 wp-block-columns-is-layout-flex\">\n<div class=\"wp-block-column is-vertically-aligned-top is-layout-flow wp-block-column-is-layout-flow\">\n<div class=\"wp-block-columns is-layout-flex wp-container-core-columns-is-layout-9d6595d7 wp-block-columns-is-layout-flex\">\n<div class=\"wp-block-column is-layout-flow wp-block-column-is-layout-flow\" style=\"flex-basis:100%\">\n<div class=\"wp-block-columns is-layout-flex wp-container-core-columns-is-layout-9d6595d7 wp-block-columns-is-layout-flex\">\n<div class=\"wp-block-column is-layout-flow wp-block-column-is-layout-flow\">\n<figure class=\"wp-block-image size-large\"><img loading=\"lazy\" decoding=\"async\" width=\"1024\" height=\"683\" src=\"https:\/\/astroevents.ch\/wp-content\/uploads\/2026\/04\/AdobeStock_432538344-1-scaled-1-1024x683.jpeg\" alt=\"\" class=\"wp-image-869\" srcset=\"https:\/\/astroevents.ch\/wp-content\/uploads\/2026\/04\/AdobeStock_432538344-1-scaled-1-1024x683.jpeg 1024w, https:\/\/astroevents.ch\/wp-content\/uploads\/2026\/04\/AdobeStock_432538344-1-scaled-1-300x200.jpeg 300w, https:\/\/astroevents.ch\/wp-content\/uploads\/2026\/04\/AdobeStock_432538344-1-scaled-1-768x512.jpeg 768w, https:\/\/astroevents.ch\/wp-content\/uploads\/2026\/04\/AdobeStock_432538344-1-scaled-1-1536x1024.jpeg 1536w, https:\/\/astroevents.ch\/wp-content\/uploads\/2026\/04\/AdobeStock_432538344-1-scaled-1-2048x1366.jpeg 2048w, https:\/\/astroevents.ch\/wp-content\/uploads\/2026\/04\/AdobeStock_432538344-1-scaled-1-930x620.jpeg 930w\" sizes=\"auto, (max-width: 1024px) 100vw, 1024px\" \/><\/figure>\n<\/div>\n\n\n\n<div class=\"wp-block-column is-layout-flow wp-block-column-is-layout-flow\">\n<figure class=\"wp-block-image size-large\"><img loading=\"lazy\" decoding=\"async\" width=\"1024\" height=\"683\" src=\"https:\/\/astroevents.ch\/wp-content\/uploads\/2026\/04\/20211024_080822-scaled-1-e1776630298529-1024x683.jpg\" alt=\"\" class=\"wp-image-868\" srcset=\"https:\/\/astroevents.ch\/wp-content\/uploads\/2026\/04\/20211024_080822-scaled-1-e1776630298529-1024x683.jpg 1024w, https:\/\/astroevents.ch\/wp-content\/uploads\/2026\/04\/20211024_080822-scaled-1-e1776630298529-300x200.jpg 300w, https:\/\/astroevents.ch\/wp-content\/uploads\/2026\/04\/20211024_080822-scaled-1-e1776630298529-768x512.jpg 768w, https:\/\/astroevents.ch\/wp-content\/uploads\/2026\/04\/20211024_080822-scaled-1-e1776630298529-1536x1024.jpg 1536w, https:\/\/astroevents.ch\/wp-content\/uploads\/2026\/04\/20211024_080822-scaled-1-e1776630298529-2048x1366.jpg 2048w, https:\/\/astroevents.ch\/wp-content\/uploads\/2026\/04\/20211024_080822-scaled-1-e1776630298529-930x620.jpg 930w\" sizes=\"auto, (max-width: 1024px) 100vw, 1024px\" \/><\/figure>\n<\/div>\n<\/div>\n<\/div>\n<\/div>\n<\/div>\n<\/div>\n\n\n\n<p>Avec ses 1 607 m\u00e8tres d&rsquo;altitude, le Chasseral est l&rsquo;un des sommets les plus imposants et les plus \u00e9lev\u00e9s du Jura suisse. Situ\u00e9 dans le canton de Berne, pr\u00e8s de la fronti\u00e8re avec le canton de Neuch\u00e2tel, il est souvent surnomm\u00e9 le \u00ab balcon du Jura \u00bb. La vue depuis le Chasseral est grandiose et offre un panorama alpin s&rsquo;\u00e9tendant du S\u00e4ntis jusqu&rsquo;au sommet du Mont-Blanc. Au pied du Chasseral s&rsquo;\u00e9tend la r\u00e9gion des lacs, avec les lacs de Bienne, de Neuch\u00e2tel et de Morat. La montagne se trouve au c\u0153ur du parc naturel du Chasseral et constitue le point de d\u00e9part de nombreuses randonn\u00e9es, comme le sentier d&rsquo;altitude du Jura.<\/p>\n\n\n\n<p>On peut rejoindre le sommet en voiture par une route de col, soit depuis le lac de Bienne, soit depuis Saint-Imier. La route est g\u00e9n\u00e9ralement praticable de mai \u00e0 octobre. En \u00e9t\u00e9, un bus de randonn\u00e9e circule \u00e9galement depuis Saint-Imier ou Bienne.<\/p>\n\n\n\n<p>Pr\u00e8s du sommet se trouve l&rsquo;h\u00f4tel-restaurant Chasseral, qui a f\u00eat\u00e9 son centenaire en 2025. Le restaurant propose de nombreuses sp\u00e9cialit\u00e9s r\u00e9gionales et organise r\u00e9guli\u00e8rement des \u00e9v\u00e9nements dans les domaines du sport, de la culture et de la musique. Il est \u00e9galement possible de passer la nuit dans des chambres d&rsquo;h\u00f4tel confortables ou dans un dortoir. C&rsquo;est une exp\u00e9rience qui en vaut la peine, gr\u00e2ce aux levers et couchers de soleil qui offrent un spectacle lumineux incomparable sur les Alpes et les trois lacs. Comme il n&rsquo;y a pratiquement pas de lumi\u00e8re artificielle sur le Chasseral, celui-ci est l&rsquo;un des meilleurs endroits pour observer les \u00e9toiles dans le nord de la Suisse. D&rsquo;ici, la Voie lact\u00e9e est impressionnante et de nombreuses \u00e9toiles filantes peuvent \u00eatre observ\u00e9es pendant les nuits sombres.<\/p>\n\n\n\n<p>Site web : <a href=\"https:\/\/chasseral-hotel.ch\/\">https:\/\/chasseral-hotel.ch\/<\/a><\/p>\n\n\n\n<p><strong>Les prochains \u00e9v\u00e9nements :<\/strong><\/p>\n\n\n\n<p>8 mai &#8211; Premi\u00e8re soir\u00e9e d&rsquo;astronomie au Chasseral\u00a0\u00a0<strong><a href=\"https:\/\/eventfrog.ch\/de\/p\/fuehrungen-vortraege\/vortrag\/1-astronomie-abend-chasseral-1-soiree-astronomique-7422417987196455152.html\" target=\"_blank\" rel=\"noreferrer noopener\">https:\/\/eventfrog.ch\/de\/p\/fuehrungen-vortraege\/vortrag\/1-astronomie-abend-chasseral-1-soiree-astronomique-7422417987196455152.html\u00a0<\/a><\/strong><\/p>\n\n\n\n<p>12 ao\u00fbt &#8211; \u00c9clipse solaire partielle et pluie d&rsquo;\u00e9toiles filantes des Pers\u00e9ides\u00a0\u00a0\u00a0<strong><a href=\"https:\/\/eventfrog.ch\/de\/p\/fuehrungen-vortraege\/vortrag\/2-astronomie-abend-chasseral-2-soiree-astronomique-7422419026838601796.html\" target=\"_blank\" rel=\"noreferrer noopener\">https:\/\/eventfrog.ch\/de\/p\/fuehrungen-vortraege\/vortrag\/2-astronomie-abend-chasseral-2-soiree-astronomique-7422419026838601796.html\u00a0<\/a><\/strong><\/p>\n\n\n\n<p>12 septembre &#8211; Septembre est le meilleur mois pour observer la Voie lact\u00e9e\u00a0\u00a0\u00a0<strong><a href=\"https:\/\/eventfrog.ch\/de\/p\/fuehrungen-vortraege\/vortrag\/3-astronomie-abend-chasseral-3-soiree-astronomique-7422419027409027176.html\" target=\"_blank\" rel=\"noreferrer noopener\">https:\/\/eventfrog.ch\/de\/p\/fuehrungen-vortraege\/vortrag\/3-astronomie-abend-chasseral-3-soiree-astronomique-7422419027409027176.html<\/a><\/strong><\/p>\n","protected":false},"excerpt":{"rendered":"<p>Avec ses 1 607 m\u00e8tres d&rsquo;altitude, le Chasseral est l&rsquo;un des sommets les plus imposants et les plus \u00e9lev\u00e9s du Jura suisse. Situ\u00e9 dans le canton de Berne, pr\u00e8s de&hellip;&nbsp;<a href=\"https:\/\/astroevents.ch\/fr\/chasseral\" rel=\"bookmark\">Lire la suite &raquo;<span class=\"screen-reader-text\">Chasseral<\/span><\/a><\/p>\n","protected":false},"author":4,"featured_media":0,"parent":0,"menu_order":0,"comment_status":"closed","ping_status":"closed","template":"","meta":{"_monsterinsights_skip_tracking":false,"_monsterinsights_sitenote_active":false,"_monsterinsights_sitenote_note":"","_monsterinsights_sitenote_category":0,"neve_meta_sidebar":"","neve_meta_container":"","neve_meta_enable_content_width":"","neve_meta_content_width":0,"neve_meta_title_alignment":"","neve_meta_author_avatar":"","neve_post_elements_order":"","neve_meta_disable_header":"","neve_meta_disable_footer":"","neve_meta_disable_title":"","footnotes":""},"class_list":["post-867","page","type-page","status-publish","hentry"],"yoast_head":"<!-- This site is optimized with the Yoast SEO plugin v27.4 - https:\/\/yoast.com\/product\/yoast-seo-wordpress\/ -->\n<title>Chasseral<\/title>\n<meta name=\"robots\" content=\"index, follow, max-snippet:-1, max-image-preview:large, max-video-preview:-1\" \/>\n<link rel=\"canonical\" href=\"https:\/\/astroevents.ch\/fr\/chasseral\" \/>\n<meta property=\"og:locale\" content=\"fr_FR\" \/>\n<meta property=\"og:locale:alternate\" content=\"de_CH\" \/>\n<meta property=\"og:locale:alternate\" content=\"en-uk\" \/>\n<meta property=\"og:type\" content=\"article\" \/>\n<meta property=\"og:title\" content=\"Chasseral\" \/>\n<meta property=\"og:description\" content=\"Avec ses 1 607 m\u00e8tres d&rsquo;altitude, le Chasseral est l&rsquo;un des sommets les plus imposants et les plus \u00e9lev\u00e9s du Jura suisse. Situ\u00e9 dans le canton de Berne, pr\u00e8s de&hellip;&nbsp;Lire la suite &raquo;Chasseral\" \/>\n<meta property=\"og:url\" content=\"https:\/\/astroevents.ch\/fr\/chasseral\" \/>\n<meta property=\"og:site_name\" content=\"Astro Events\" \/>\n<meta property=\"article:modified_time\" content=\"2026-04-19T20:35:31+00:00\" \/>\n<meta property=\"og:image\" content=\"https:\/\/astroevents.ch\/wp-content\/uploads\/2026\/04\/AdobeStock_432538344-1-scaled-1.jpeg\" \/>\n\t<meta property=\"og:image:width\" content=\"2560\" \/>\n\t<meta property=\"og:image:height\" content=\"1707\" \/>\n\t<meta property=\"og:image:type\" content=\"image\/jpeg\" \/>\n<meta name=\"twitter:card\" content=\"summary_large_image\" \/>\n<meta name=\"twitter:label1\" content=\"Dur\u00e9e de lecture estim\u00e9e\" \/>\n\t<meta name=\"twitter:data1\" content=\"2 minutes\" \/>\n<script type=\"application\/ld+json\" class=\"yoast-schema-graph\">{\"@context\":\"https:\\\/\\\/schema.org\",\"@graph\":[{\"@type\":\"WebPage\",\"@id\":\"https:\\\/\\\/astroevents.ch\\\/en\\\/chasseral\",\"url\":\"https:\\\/\\\/astroevents.ch\\\/en\\\/chasseral\",\"name\":\"Chasseral\",\"isPartOf\":{\"@id\":\"https:\\\/\\\/astroevents.ch\\\/#website\"},\"primaryImageOfPage\":{\"@id\":\"https:\\\/\\\/astroevents.ch\\\/en\\\/chasseral#primaryimage\"},\"image\":{\"@id\":\"https:\\\/\\\/astroevents.ch\\\/en\\\/chasseral#primaryimage\"},\"thumbnailUrl\":\"https:\\\/\\\/astroevents.ch\\\/wp-content\\\/uploads\\\/2026\\\/04\\\/AdobeStock_432538344-1-scaled-1-1024x683.jpeg\",\"datePublished\":\"2026-04-19T20:29:13+00:00\",\"dateModified\":\"2026-04-19T20:35:31+00:00\",\"breadcrumb\":{\"@id\":\"https:\\\/\\\/astroevents.ch\\\/en\\\/chasseral#breadcrumb\"},\"inLanguage\":\"fr-FR\",\"potentialAction\":[{\"@type\":\"ReadAction\",\"target\":[\"https:\\\/\\\/astroevents.ch\\\/en\\\/chasseral\"]}]},{\"@type\":\"ImageObject\",\"inLanguage\":\"fr-FR\",\"@id\":\"https:\\\/\\\/astroevents.ch\\\/en\\\/chasseral#primaryimage\",\"url\":\"https:\\\/\\\/astroevents.ch\\\/wp-content\\\/uploads\\\/2026\\\/04\\\/AdobeStock_432538344-1-scaled-1-1024x683.jpeg\",\"contentUrl\":\"https:\\\/\\\/astroevents.ch\\\/wp-content\\\/uploads\\\/2026\\\/04\\\/AdobeStock_432538344-1-scaled-1-1024x683.jpeg\"},{\"@type\":\"BreadcrumbList\",\"@id\":\"https:\\\/\\\/astroevents.ch\\\/en\\\/chasseral#breadcrumb\",\"itemListElement\":[{\"@type\":\"ListItem\",\"position\":1,\"name\":\"Home\",\"item\":\"https:\\\/\\\/astroevents.ch\\\/en\\\/\"},{\"@type\":\"ListItem\",\"position\":2,\"name\":\"Chasseral\"}]},{\"@type\":\"WebSite\",\"@id\":\"https:\\\/\\\/astroevents.ch\\\/#website\",\"url\":\"https:\\\/\\\/astroevents.ch\\\/\",\"name\":\"Astro Events\",\"description\":\"This site is under construction, please visit in the meantime our official webpage: astroevents.ch or find us on facebook: https:\\\/\\\/www.facebook.com\\\/astroevents.ch\\\/\",\"publisher\":{\"@id\":\"https:\\\/\\\/astroevents.ch\\\/#organization\"},\"potentialAction\":[{\"@type\":\"SearchAction\",\"target\":{\"@type\":\"EntryPoint\",\"urlTemplate\":\"https:\\\/\\\/astroevents.ch\\\/?s={search_term_string}\"},\"query-input\":{\"@type\":\"PropertyValueSpecification\",\"valueRequired\":true,\"valueName\":\"search_term_string\"}}],\"inLanguage\":\"fr-FR\"},{\"@type\":\"Organization\",\"@id\":\"https:\\\/\\\/astroevents.ch\\\/#organization\",\"name\":\"Astro Events\",\"url\":\"https:\\\/\\\/astroevents.ch\\\/\",\"logo\":{\"@type\":\"ImageObject\",\"inLanguage\":\"fr-FR\",\"@id\":\"https:\\\/\\\/astroevents.ch\\\/#\\\/schema\\\/logo\\\/image\\\/\",\"url\":\"https:\\\/\\\/astroevents.ch\\\/wp-content\\\/uploads\\\/2020\\\/02\\\/AstroEvent_logo_white_path.png\",\"contentUrl\":\"https:\\\/\\\/astroevents.ch\\\/wp-content\\\/uploads\\\/2020\\\/02\\\/AstroEvent_logo_white_path.png\",\"width\":1113,\"height\":910,\"caption\":\"Astro Events\"},\"image\":{\"@id\":\"https:\\\/\\\/astroevents.ch\\\/#\\\/schema\\\/logo\\\/image\\\/\"}}]}<\/script>\n<!-- \/ Yoast SEO plugin. -->","yoast_head_json":{"title":"Chasseral","robots":{"index":"index","follow":"follow","max-snippet":"max-snippet:-1","max-image-preview":"max-image-preview:large","max-video-preview":"max-video-preview:-1"},"canonical":"https:\/\/astroevents.ch\/fr\/chasseral","og_locale":"fr_FR","og_type":"article","og_title":"[:de]Chasseral[:] - Astro Events","og_description":"Avec ses 1 607 m\u00e8tres d&rsquo;altitude, le Chasseral est l&rsquo;un des sommets les plus imposants et les plus \u00e9lev\u00e9s du Jura suisse. Situ\u00e9 dans le canton de Berne, pr\u00e8s de&hellip;&nbsp;Lire la suite &raquo;Chasseral","og_url":"https:\/\/astroevents.ch\/fr\/chasseral","og_site_name":"Astro Events","article_modified_time":"2026-04-19T20:35:31+00:00","og_image":[{"width":2560,"height":1707,"url":"https:\/\/astroevents.ch\/wp-content\/uploads\/2026\/04\/AdobeStock_432538344-1-scaled-1.jpeg","type":"image\/jpeg"}],"twitter_card":"summary_large_image","twitter_misc":{"Dur\u00e9e de lecture estim\u00e9e":"2 minutes"},"schema":{"@context":"https:\/\/schema.org","@graph":[{"@type":"WebPage","@id":"https:\/\/astroevents.ch\/en\/chasseral","url":"https:\/\/astroevents.ch\/en\/chasseral","name":"Chasseral","isPartOf":{"@id":"https:\/\/astroevents.ch\/#website"},"primaryImageOfPage":{"@id":"https:\/\/astroevents.ch\/en\/chasseral#primaryimage"},"image":{"@id":"https:\/\/astroevents.ch\/en\/chasseral#primaryimage"},"thumbnailUrl":"https:\/\/astroevents.ch\/wp-content\/uploads\/2026\/04\/AdobeStock_432538344-1-scaled-1-1024x683.jpeg","datePublished":"2026-04-19T20:29:13+00:00","dateModified":"2026-04-19T20:35:31+00:00","breadcrumb":{"@id":"https:\/\/astroevents.ch\/en\/chasseral#breadcrumb"},"inLanguage":"fr-FR","potentialAction":[{"@type":"ReadAction","target":["https:\/\/astroevents.ch\/en\/chasseral"]}]},{"@type":"ImageObject","inLanguage":"fr-FR","@id":"https:\/\/astroevents.ch\/en\/chasseral#primaryimage","url":"https:\/\/astroevents.ch\/wp-content\/uploads\/2026\/04\/AdobeStock_432538344-1-scaled-1-1024x683.jpeg","contentUrl":"https:\/\/astroevents.ch\/wp-content\/uploads\/2026\/04\/AdobeStock_432538344-1-scaled-1-1024x683.jpeg"},{"@type":"BreadcrumbList","@id":"https:\/\/astroevents.ch\/en\/chasseral#breadcrumb","itemListElement":[{"@type":"ListItem","position":1,"name":"Home","item":"https:\/\/astroevents.ch\/en\/"},{"@type":"ListItem","position":2,"name":"Chasseral"}]},{"@type":"WebSite","@id":"https:\/\/astroevents.ch\/#website","url":"https:\/\/astroevents.ch\/","name":"Astro Events","description":"This site is under construction, please visit in the meantime our official webpage: astroevents.ch or find us on facebook: https:\/\/www.facebook.com\/astroevents.ch\/","publisher":{"@id":"https:\/\/astroevents.ch\/#organization"},"potentialAction":[{"@type":"SearchAction","target":{"@type":"EntryPoint","urlTemplate":"https:\/\/astroevents.ch\/?s={search_term_string}"},"query-input":{"@type":"PropertyValueSpecification","valueRequired":true,"valueName":"search_term_string"}}],"inLanguage":"fr-FR"},{"@type":"Organization","@id":"https:\/\/astroevents.ch\/#organization","name":"Astro Events","url":"https:\/\/astroevents.ch\/","logo":{"@type":"ImageObject","inLanguage":"fr-FR","@id":"https:\/\/astroevents.ch\/#\/schema\/logo\/image\/","url":"https:\/\/astroevents.ch\/wp-content\/uploads\/2020\/02\/AstroEvent_logo_white_path.png","contentUrl":"https:\/\/astroevents.ch\/wp-content\/uploads\/2020\/02\/AstroEvent_logo_white_path.png","width":1113,"height":910,"caption":"Astro Events"},"image":{"@id":"https:\/\/astroevents.ch\/#\/schema\/logo\/image\/"}}]}},"_links":{"self":[{"href":"https:\/\/astroevents.ch\/fr\/wp-json\/wp\/v2\/pages\/867","targetHints":{"allow":["GET"]}}],"collection":[{"href":"https:\/\/astroevents.ch\/fr\/wp-json\/wp\/v2\/pages"}],"about":[{"href":"https:\/\/astroevents.ch\/fr\/wp-json\/wp\/v2\/types\/page"}],"author":[{"embeddable":true,"href":"https:\/\/astroevents.ch\/fr\/wp-json\/wp\/v2\/users\/4"}],"replies":[{"embeddable":true,"href":"https:\/\/astroevents.ch\/fr\/wp-json\/wp\/v2\/comments?post=867"}],"version-history":[{"count":3,"href":"https:\/\/astroevents.ch\/fr\/wp-json\/wp\/v2\/pages\/867\/revisions"}],"predecessor-version":[{"id":874,"href":"https:\/\/astroevents.ch\/fr\/wp-json\/wp\/v2\/pages\/867\/revisions\/874"}],"wp:attachment":[{"href":"https:\/\/astroevents.ch\/fr\/wp-json\/wp\/v2\/media?parent=867"}],"curies":[{"name":"wp","href":"https:\/\/api.w.org\/{rel}","templated":true}]}}