{"id":84,"date":"2020-02-26T23:25:05","date_gmt":"2020-02-26T23:25:05","guid":{"rendered":"https:\/\/astroevent.ch\/?page_id=84"},"modified":"2023-03-11T21:32:03","modified_gmt":"2023-03-11T21:32:03","slug":"gurten","status":"publish","type":"page","link":"https:\/\/astroevents.ch\/fr\/gurten","title":{"rendered":"Gurten"},"content":{"rendered":"\n<figure class=\"wp-block-gallery columns-2 is-cropped wp-block-gallery-1 is-layout-flex wp-block-gallery-is-layout-flex\"><ul class=\"blocks-gallery-grid\"><li class=\"blocks-gallery-item\"><figure><img loading=\"lazy\" decoding=\"async\" width=\"300\" height=\"225\" src=\"https:\/\/astroevents.ch\/wp-content\/uploads\/2021\/12\/IMG-20211212-WA0002-1-300x225.jpg\" alt=\"\" data-id=\"452\" data-full-url=\"https:\/\/astroevents.ch\/wp-content\/uploads\/2021\/12\/IMG-20211212-WA0002-1.jpg\" data-link=\"https:\/\/astroevents.ch\/gurten\/img-20211212-wa0002-1\" class=\"wp-image-452\" srcset=\"https:\/\/astroevents.ch\/wp-content\/uploads\/2021\/12\/IMG-20211212-WA0002-1-300x225.jpg 300w, https:\/\/astroevents.ch\/wp-content\/uploads\/2021\/12\/IMG-20211212-WA0002-1-1024x768.jpg 1024w, https:\/\/astroevents.ch\/wp-content\/uploads\/2021\/12\/IMG-20211212-WA0002-1-768x576.jpg 768w, https:\/\/astroevents.ch\/wp-content\/uploads\/2021\/12\/IMG-20211212-WA0002-1-1536x1152.jpg 1536w, https:\/\/astroevents.ch\/wp-content\/uploads\/2021\/12\/IMG-20211212-WA0002-1.jpg 2016w\" sizes=\"auto, (max-width: 300px) 100vw, 300px\" \/><\/figure><\/li><li class=\"blocks-gallery-item\"><figure><img loading=\"lazy\" decoding=\"async\" width=\"291\" height=\"300\" src=\"https:\/\/astroevents.ch\/wp-content\/uploads\/2021\/12\/Loc_6_square-1-291x300.jpg\" alt=\"\" data-id=\"453\" data-full-url=\"https:\/\/astroevents.ch\/wp-content\/uploads\/2021\/12\/Loc_6_square-1.jpg\" data-link=\"https:\/\/astroevents.ch\/gurten\/loc_6_square-1\" class=\"wp-image-453\" srcset=\"https:\/\/astroevents.ch\/wp-content\/uploads\/2021\/12\/Loc_6_square-1-291x300.jpg 291w, https:\/\/astroevents.ch\/wp-content\/uploads\/2021\/12\/Loc_6_square-1.jpg 548w\" sizes=\"auto, (max-width: 291px) 100vw, 291px\" \/><\/figure><\/li><\/ul><\/figure>\n\n\n\n<p>La montagne embl\u00e9matique de Berne, le Gurten, situ\u00e9e \u00e0 860 m\u00e8tres d&rsquo;altitude, est facilement accessible avec le funiculaire du Gurten depuis le quartier de Wabern \u00e0 Berne. Le Gurten est un lieu id\u00e9al pour \u00e9chapper \u00e0 l&rsquo;agitation de la ville et se d\u00e9tendre dans la nature. Il y a beaucoup d&rsquo;activit\u00e9s culturelles sur le Gurten, c&rsquo;est pourquoi la montagne peut aussi \u00eatre appel\u00e9e la montagne culturelle de Berne. La vue depuis le Gurten s&rsquo;\u00e9tend sur la ville de Berne jusqu&rsquo;aux c\u00e9l\u00e8bres sommets des Alpes bernoises. La vue magnifique sur Berne peut \u00eatre appr\u00e9ci\u00e9e au restaurant \u00e0 la carte \u00ab\u00a0Gurtners\u00a0\u00bb ou sur la terrasse du restaurant \u00e0 choix libre \u00ab\u00a0Tapis Rouge\u00a0\u00bb. Gr\u00e2ce \u00e0 sa situation en altitude, le Gurten est suffisamment \u00e9loign\u00e9 de Berne pour permettre une vue claire sur les \u00e9toiles. Le Gurten dispose \u00e9galement de nombreuses salles de s\u00e9minaire o\u00f9 vous pouvez organiser vos \u00e9v\u00e9nements, qui peuvent \u00e9galement \u00eatre combin\u00e9s avec une soir\u00e9e d&rsquo;astronomie.<\/p>\n\n\n\n<p>A partir de mars 2022, le Gurten disposera d&rsquo;un observatoire qui sera ouvert une fois par semaine. L&rsquo;observatoire sera \u00e9galement int\u00e9gr\u00e9 \u00e0 nos soir\u00e9es d&rsquo;astronomie sur le Gurten.<\/p>\n\n\n\n<p>Page web: <a href=\"http:\/\/www.gurtenpark.ch\">www.gurtenpark.ch<\/a><\/p>\n\n\n\n<p>R\u00e9servation: 031 970 33 33<\/p>\n","protected":false},"excerpt":{"rendered":"<p>La montagne embl\u00e9matique de Berne, le Gurten, situ\u00e9e \u00e0 860 m\u00e8tres d&rsquo;altitude, est facilement accessible avec le funiculaire du Gurten depuis le quartier de Wabern \u00e0 Berne. Le Gurten est&hellip;&nbsp;<a href=\"https:\/\/astroevents.ch\/fr\/gurten\" rel=\"bookmark\">Lire la suite &raquo;<span class=\"screen-reader-text\">Gurten<\/span><\/a><\/p>\n","protected":false},"author":1,"featured_media":0,"parent":0,"menu_order":0,"comment_status":"closed","ping_status":"closed","template":"","meta":{"_monsterinsights_skip_tracking":false,"_monsterinsights_sitenote_active":false,"_monsterinsights_sitenote_note":"","_monsterinsights_sitenote_category":0,"neve_meta_sidebar":"","neve_meta_container":"","neve_meta_enable_content_width":"off","neve_meta_content_width":0,"neve_meta_title_alignment":"","neve_meta_author_avatar":"","neve_post_elements_order":"","neve_meta_disable_header":"","neve_meta_disable_footer":"","neve_meta_disable_title":"","footnotes":""},"class_list":["post-84","page","type-page","status-publish","hentry"],"yoast_head":"<!-- This site is optimized with the Yoast SEO plugin v27.5 - https:\/\/yoast.com\/product\/yoast-seo-wordpress\/ -->\n<title>Gurten<\/title>\n<meta name=\"robots\" content=\"index, follow, max-snippet:-1, max-image-preview:large, max-video-preview:-1\" \/>\n<link rel=\"canonical\" href=\"https:\/\/astroevents.ch\/fr\/gurten\" \/>\n<meta property=\"og:locale\" content=\"fr_FR\" \/>\n<meta property=\"og:locale:alternate\" content=\"de_CH\" \/>\n<meta property=\"og:locale:alternate\" content=\"en-uk\" \/>\n<meta property=\"og:type\" content=\"article\" \/>\n<meta property=\"og:title\" content=\"Gurten\" \/>\n<meta property=\"og:description\" content=\"La montagne embl\u00e9matique de Berne, le Gurten, situ\u00e9e \u00e0 860 m\u00e8tres d&rsquo;altitude, est facilement accessible avec le funiculaire du Gurten depuis le quartier de Wabern \u00e0 Berne. Le Gurten est&hellip;&nbsp;Lire la suite &raquo;Gurten\" \/>\n<meta property=\"og:url\" content=\"https:\/\/astroevents.ch\/fr\/gurten\" \/>\n<meta property=\"og:site_name\" content=\"Astro Events\" \/>\n<meta property=\"article:modified_time\" content=\"2023-03-11T21:32:03+00:00\" \/>\n<meta property=\"og:image\" content=\"https:\/\/astroevents.ch\/wp-content\/uploads\/2021\/12\/IMG-20211212-WA0002-300x225.jpg\" \/>\n<meta name=\"twitter:card\" content=\"summary_large_image\" \/>\n<meta name=\"twitter:label1\" content=\"Dur\u00e9e de lecture estim\u00e9e\" \/>\n\t<meta name=\"twitter:data1\" content=\"2 minutes\" \/>\n<script type=\"application\/ld+json\" class=\"yoast-schema-graph\">{\"@context\":\"https:\\\/\\\/schema.org\",\"@graph\":[{\"@type\":\"WebPage\",\"@id\":\"https:\\\/\\\/astroevents.ch\\\/gurten\",\"url\":\"https:\\\/\\\/astroevents.ch\\\/gurten\",\"name\":\"Gurten\",\"isPartOf\":{\"@id\":\"https:\\\/\\\/astroevents.ch\\\/#website\"},\"primaryImageOfPage\":{\"@id\":\"https:\\\/\\\/astroevents.ch\\\/gurten#primaryimage\"},\"image\":{\"@id\":\"https:\\\/\\\/astroevents.ch\\\/gurten#primaryimage\"},\"thumbnailUrl\":\"https:\\\/\\\/astroevents.ch\\\/wp-content\\\/uploads\\\/2021\\\/12\\\/IMG-20211212-WA0002-300x225.jpg\",\"datePublished\":\"2020-02-26T23:25:05+00:00\",\"dateModified\":\"2023-03-11T21:32:03+00:00\",\"breadcrumb\":{\"@id\":\"https:\\\/\\\/astroevents.ch\\\/gurten#breadcrumb\"},\"inLanguage\":\"fr-FR\",\"potentialAction\":[{\"@type\":\"ReadAction\",\"target\":[\"https:\\\/\\\/astroevents.ch\\\/gurten\"]}]},{\"@type\":\"ImageObject\",\"inLanguage\":\"fr-FR\",\"@id\":\"https:\\\/\\\/astroevents.ch\\\/gurten#primaryimage\",\"url\":\"https:\\\/\\\/astroevents.ch\\\/wp-content\\\/uploads\\\/2021\\\/12\\\/IMG-20211212-WA0002-300x225.jpg\",\"contentUrl\":\"https:\\\/\\\/astroevents.ch\\\/wp-content\\\/uploads\\\/2021\\\/12\\\/IMG-20211212-WA0002-300x225.jpg\"},{\"@type\":\"BreadcrumbList\",\"@id\":\"https:\\\/\\\/astroevents.ch\\\/gurten#breadcrumb\",\"itemListElement\":[{\"@type\":\"ListItem\",\"position\":1,\"name\":\"Home\",\"item\":\"https:\\\/\\\/astroevents.ch\\\/en\\\/\"},{\"@type\":\"ListItem\",\"position\":2,\"name\":\"Gurten\"}]},{\"@type\":\"WebSite\",\"@id\":\"https:\\\/\\\/astroevents.ch\\\/#website\",\"url\":\"https:\\\/\\\/astroevents.ch\\\/\",\"name\":\"Astro Events\",\"description\":\"This site is under construction, please visit in the meantime our official webpage: astroevents.ch or find us on facebook: https:\\\/\\\/www.facebook.com\\\/astroevents.ch\\\/\",\"publisher\":{\"@id\":\"https:\\\/\\\/astroevents.ch\\\/#organization\"},\"potentialAction\":[{\"@type\":\"SearchAction\",\"target\":{\"@type\":\"EntryPoint\",\"urlTemplate\":\"https:\\\/\\\/astroevents.ch\\\/?s={search_term_string}\"},\"query-input\":{\"@type\":\"PropertyValueSpecification\",\"valueRequired\":true,\"valueName\":\"search_term_string\"}}],\"inLanguage\":\"fr-FR\"},{\"@type\":\"Organization\",\"@id\":\"https:\\\/\\\/astroevents.ch\\\/#organization\",\"name\":\"Astro Events\",\"url\":\"https:\\\/\\\/astroevents.ch\\\/\",\"logo\":{\"@type\":\"ImageObject\",\"inLanguage\":\"fr-FR\",\"@id\":\"https:\\\/\\\/astroevents.ch\\\/#\\\/schema\\\/logo\\\/image\\\/\",\"url\":\"https:\\\/\\\/astroevents.ch\\\/wp-content\\\/uploads\\\/2020\\\/02\\\/AstroEvent_logo_white_path.png\",\"contentUrl\":\"https:\\\/\\\/astroevents.ch\\\/wp-content\\\/uploads\\\/2020\\\/02\\\/AstroEvent_logo_white_path.png\",\"width\":1113,\"height\":910,\"caption\":\"Astro Events\"},\"image\":{\"@id\":\"https:\\\/\\\/astroevents.ch\\\/#\\\/schema\\\/logo\\\/image\\\/\"}}]}<\/script>\n<!-- \/ Yoast SEO plugin. -->","yoast_head_json":{"title":"Gurten","robots":{"index":"index","follow":"follow","max-snippet":"max-snippet:-1","max-image-preview":"max-image-preview:large","max-video-preview":"max-video-preview:-1"},"canonical":"https:\/\/astroevents.ch\/fr\/gurten","og_locale":"fr_FR","og_type":"article","og_title":"[:de]Gurten[:fr]Gurten[:] - Astro Events","og_description":"La montagne embl\u00e9matique de Berne, le Gurten, situ\u00e9e \u00e0 860 m\u00e8tres d&rsquo;altitude, est facilement accessible avec le funiculaire du Gurten depuis le quartier de Wabern \u00e0 Berne. Le Gurten est&hellip;&nbsp;Lire la suite &raquo;Gurten","og_url":"https:\/\/astroevents.ch\/fr\/gurten","og_site_name":"Astro Events","article_modified_time":"2023-03-11T21:32:03+00:00","og_image":[{"url":"https:\/\/astroevents.ch\/wp-content\/uploads\/2021\/12\/IMG-20211212-WA0002-300x225.jpg","type":"","width":"","height":""}],"twitter_card":"summary_large_image","twitter_misc":{"Dur\u00e9e de lecture estim\u00e9e":"2 minutes"},"schema":{"@context":"https:\/\/schema.org","@graph":[{"@type":"WebPage","@id":"https:\/\/astroevents.ch\/gurten","url":"https:\/\/astroevents.ch\/gurten","name":"Gurten","isPartOf":{"@id":"https:\/\/astroevents.ch\/#website"},"primaryImageOfPage":{"@id":"https:\/\/astroevents.ch\/gurten#primaryimage"},"image":{"@id":"https:\/\/astroevents.ch\/gurten#primaryimage"},"thumbnailUrl":"https:\/\/astroevents.ch\/wp-content\/uploads\/2021\/12\/IMG-20211212-WA0002-300x225.jpg","datePublished":"2020-02-26T23:25:05+00:00","dateModified":"2023-03-11T21:32:03+00:00","breadcrumb":{"@id":"https:\/\/astroevents.ch\/gurten#breadcrumb"},"inLanguage":"fr-FR","potentialAction":[{"@type":"ReadAction","target":["https:\/\/astroevents.ch\/gurten"]}]},{"@type":"ImageObject","inLanguage":"fr-FR","@id":"https:\/\/astroevents.ch\/gurten#primaryimage","url":"https:\/\/astroevents.ch\/wp-content\/uploads\/2021\/12\/IMG-20211212-WA0002-300x225.jpg","contentUrl":"https:\/\/astroevents.ch\/wp-content\/uploads\/2021\/12\/IMG-20211212-WA0002-300x225.jpg"},{"@type":"BreadcrumbList","@id":"https:\/\/astroevents.ch\/gurten#breadcrumb","itemListElement":[{"@type":"ListItem","position":1,"name":"Home","item":"https:\/\/astroevents.ch\/en\/"},{"@type":"ListItem","position":2,"name":"Gurten"}]},{"@type":"WebSite","@id":"https:\/\/astroevents.ch\/#website","url":"https:\/\/astroevents.ch\/","name":"Astro Events","description":"This site is under construction, please visit in the meantime our official webpage: astroevents.ch or find us on facebook: https:\/\/www.facebook.com\/astroevents.ch\/","publisher":{"@id":"https:\/\/astroevents.ch\/#organization"},"potentialAction":[{"@type":"SearchAction","target":{"@type":"EntryPoint","urlTemplate":"https:\/\/astroevents.ch\/?s={search_term_string}"},"query-input":{"@type":"PropertyValueSpecification","valueRequired":true,"valueName":"search_term_string"}}],"inLanguage":"fr-FR"},{"@type":"Organization","@id":"https:\/\/astroevents.ch\/#organization","name":"Astro Events","url":"https:\/\/astroevents.ch\/","logo":{"@type":"ImageObject","inLanguage":"fr-FR","@id":"https:\/\/astroevents.ch\/#\/schema\/logo\/image\/","url":"https:\/\/astroevents.ch\/wp-content\/uploads\/2020\/02\/AstroEvent_logo_white_path.png","contentUrl":"https:\/\/astroevents.ch\/wp-content\/uploads\/2020\/02\/AstroEvent_logo_white_path.png","width":1113,"height":910,"caption":"Astro Events"},"image":{"@id":"https:\/\/astroevents.ch\/#\/schema\/logo\/image\/"}}]}},"_links":{"self":[{"href":"https:\/\/astroevents.ch\/fr\/wp-json\/wp\/v2\/pages\/84","targetHints":{"allow":["GET"]}}],"collection":[{"href":"https:\/\/astroevents.ch\/fr\/wp-json\/wp\/v2\/pages"}],"about":[{"href":"https:\/\/astroevents.ch\/fr\/wp-json\/wp\/v2\/types\/page"}],"author":[{"embeddable":true,"href":"https:\/\/astroevents.ch\/fr\/wp-json\/wp\/v2\/users\/1"}],"replies":[{"embeddable":true,"href":"https:\/\/astroevents.ch\/fr\/wp-json\/wp\/v2\/comments?post=84"}],"version-history":[{"count":21,"href":"https:\/\/astroevents.ch\/fr\/wp-json\/wp\/v2\/pages\/84\/revisions"}],"predecessor-version":[{"id":663,"href":"https:\/\/astroevents.ch\/fr\/wp-json\/wp\/v2\/pages\/84\/revisions\/663"}],"wp:attachment":[{"href":"https:\/\/astroevents.ch\/fr\/wp-json\/wp\/v2\/media?parent=84"}],"curies":[{"name":"wp","href":"https:\/\/api.w.org\/{rel}","templated":true}]}}