{"id":77,"date":"2020-02-26T23:23:21","date_gmt":"2020-02-26T23:23:21","guid":{"rendered":"https:\/\/astroevent.ch\/?page_id=77"},"modified":"2026-04-05T16:34:48","modified_gmt":"2026-04-05T14:34:48","slug":"termine","status":"publish","type":"page","link":"https:\/\/astroevents.ch\/fr\/termine","title":{"rendered":"Nos futurs \u00e9v\u00e9nements"},"content":{"rendered":"\n<p>En raison d&rsquo;un changement de plugin d\u00e9di\u00e9 aux \u00e9v\u00e9nements, les prochaines dates sont actuellement affich\u00e9es de mani\u00e8re simplifi\u00e9e:<\/p>\n\n\n\n<ul class=\"wp-block-list\">\n<li>17. Avril 18.45 &#8211; 23.00 &#8211; Eggberge, Berglodge 37, <a href=\"https:\/\/berglodge37.com\/sternenabend\/\">Infos &#038; Reservation <\/a> (Langue: Allemand)<\/li>\n\n\n\n<li>18. Avril, 17.30 &#8211; 23:00 &#8211; Pilatus, <a href=\"https:\/\/pilatus.ch\/aktivitaeten\/astronomieabend\">Infos &#038; Reservation <\/a>(Langue: Allemand)<\/li>\n\n\n\n<li>19. Avril, 18:30 &#8211; 22:30 &#8211; Cours d&rsquo;initiation au t\u00e9lescope, <a href=\"http:\/\/astroevents.ch\/angebot\">Infos<\/a> et <a href=\"https:\/\/docs.google.com\/forms\/d\/e\/1FAIpQLSfI7caFi1MK1h_fiXxiDDTzLaCcRq-GT5mffVwRpH7pkYVVNQ\/viewform?usp=sf_link\">Reservation<\/a> (Langue: Allemand)<\/li>\n\n\n\n<li>08. Mai, 19:00 &#8211; 23:30 &#8211; Chasseral, <a href=\"https:\/\/chasseral-hotel.ch\/events\/la-premiere-soiree-astronomique-au-chasseral\/\">Infos &#038; Reservation<\/a> (Langue: Francais et allemand)<\/li>\n\n\n\n<li>09. Mai, 17.30 &#8211; 23:00 &#8211; Pilatus, <a href=\"https:\/\/pilatus.ch\/aktivitaeten\/astronomieabend\">Infos &#038; Reservation <\/a> (Langue: Allemand et Anglais)<\/li>\n\n\n\n<li>19. Mai, 18.00 &#8211; 23:30 &#8211; Gurten,<a href=\"https:\/\/shop.gurtenpark.ch\/de\/events\/astronomieabend-jupiter-mond-und-venus-am-abendhimmel-2097240\">Infos &#038; Reservation <\/a> (Langue: Allemand)<\/li>\n\n\n\n<li>13. Julliet, 18.30 &#8211; 23:30 &#8211; Pilatus, <a href=\"https:\/\/pilatus.ch\/aktivitaeten\/astronomieabend\">Infos &#038; Reservation <\/a>(Langue: Allemand)<\/li>\n\n\n\n<li>11. Julliet, 18.30 &#8211; 23:30 &#8211; Pilatus, <a href=\"https:\/\/pilatus.ch\/aktivitaeten\/astronomieabend\">Infos &#038; Reservation <\/a> (Langue: Allemand)<\/li>\n\n\n\n<li>07. Ao\u00fbt, 19:00 &#8211; 23:30 &#8211; Grimselhospiz, <a href=\"https:\/\/www.grimselwelt.ch\/grimselhotels\/grimsel-hospiz\/angebote\/\">Infos &#038; Reservation<\/a> (Langue: Allemand)<\/li>\n\n\n\n<li>12. Ao\u00fbt, 19:00 &#8211; 23:30 &#8211; Chasseral, <a href=\"https:\/\/chasseral-hotel.ch\/events\/ne-manquez-pas-leclipse-solaire-partielle-de-la-decennie\/\">Infos &#038; Reservation<\/a> (Langue: Francais et allemand)<\/li>\n\n\n\n<li>12. &#038; 14 Ao\u00fbt, 18.30 &#8211; 23:30 &#8211; Pilatus, <a href=\"https:\/\/shop.e-guma.ch\/pilatus-bahnen\/de\/events\/c\/astronomie-abende-1056790\">Infos &#038; Reservation <\/a>(Langue: Allemand et Anglais (14 ao\u00fbt))<\/li>\n<\/ul>\n\n\n\n<p><\/p>\n\n\n\n<p><\/p>\n\n\n\n<p><\/p>\n","protected":false},"excerpt":{"rendered":"<p>En raison d&rsquo;un changement de plugin d\u00e9di\u00e9 aux \u00e9v\u00e9nements, les prochaines dates sont actuellement affich\u00e9es de mani\u00e8re simplifi\u00e9e:<\/p>\n","protected":false},"author":1,"featured_media":0,"parent":0,"menu_order":0,"comment_status":"closed","ping_status":"closed","template":"","meta":{"_monsterinsights_skip_tracking":false,"_monsterinsights_sitenote_active":false,"_monsterinsights_sitenote_note":"","_monsterinsights_sitenote_category":0,"neve_meta_sidebar":"","neve_meta_container":"","neve_meta_enable_content_width":"","neve_meta_content_width":0,"neve_meta_title_alignment":"","neve_meta_author_avatar":"","neve_post_elements_order":"","neve_meta_disable_header":"","neve_meta_disable_footer":"","neve_meta_disable_title":"","footnotes":""},"class_list":["post-77","page","type-page","status-publish","hentry"],"yoast_head":"<!-- This site is optimized with the Yoast SEO plugin v27.3 - https:\/\/yoast.com\/product\/yoast-seo-wordpress\/ -->\n<title>Nos futurs \u00e9v\u00e9nements<\/title>\n<meta name=\"robots\" content=\"index, follow, max-snippet:-1, max-image-preview:large, max-video-preview:-1\" \/>\n<link rel=\"canonical\" href=\"https:\/\/astroevents.ch\/fr\/termine\" \/>\n<meta property=\"og:locale\" content=\"fr_FR\" \/>\n<meta property=\"og:locale:alternate\" content=\"de_CH\" \/>\n<meta property=\"og:locale:alternate\" content=\"en-uk\" \/>\n<meta property=\"og:type\" content=\"article\" \/>\n<meta property=\"og:title\" content=\"Nos futurs \u00e9v\u00e9nements\" \/>\n<meta property=\"og:description\" content=\"En raison d&rsquo;un changement de plugin d\u00e9di\u00e9 aux \u00e9v\u00e9nements, les prochaines dates sont actuellement affich\u00e9es de mani\u00e8re simplifi\u00e9e:\" \/>\n<meta property=\"og:url\" content=\"https:\/\/astroevents.ch\/fr\/termine\" \/>\n<meta property=\"og:site_name\" content=\"Astro Events\" \/>\n<meta property=\"article:modified_time\" content=\"2026-04-05T14:34:48+00:00\" \/>\n<meta name=\"twitter:card\" content=\"summary_large_image\" \/>\n<meta name=\"twitter:label1\" content=\"Dur\u00e9e de lecture estim\u00e9e\" \/>\n\t<meta name=\"twitter:data1\" content=\"1 minute\" \/>\n<script type=\"application\/ld+json\" class=\"yoast-schema-graph\">{\"@context\":\"https:\\\/\\\/schema.org\",\"@graph\":[{\"@type\":\"WebPage\",\"@id\":\"https:\\\/\\\/astroevents.ch\\\/en\\\/termine\",\"url\":\"https:\\\/\\\/astroevents.ch\\\/en\\\/termine\",\"name\":\"Nos futurs \u00e9v\u00e9nements\",\"isPartOf\":{\"@id\":\"https:\\\/\\\/astroevents.ch\\\/#website\"},\"datePublished\":\"2020-02-26T23:23:21+00:00\",\"dateModified\":\"2026-04-05T14:34:48+00:00\",\"breadcrumb\":{\"@id\":\"https:\\\/\\\/astroevents.ch\\\/en\\\/termine#breadcrumb\"},\"inLanguage\":\"fr-FR\",\"potentialAction\":[{\"@type\":\"ReadAction\",\"target\":[\"https:\\\/\\\/astroevents.ch\\\/en\\\/termine\"]}]},{\"@type\":\"BreadcrumbList\",\"@id\":\"https:\\\/\\\/astroevents.ch\\\/en\\\/termine#breadcrumb\",\"itemListElement\":[{\"@type\":\"ListItem\",\"position\":1,\"name\":\"Home\",\"item\":\"https:\\\/\\\/astroevents.ch\\\/en\\\/\"},{\"@type\":\"ListItem\",\"position\":2,\"name\":\"Upcoming events\"}]},{\"@type\":\"WebSite\",\"@id\":\"https:\\\/\\\/astroevents.ch\\\/#website\",\"url\":\"https:\\\/\\\/astroevents.ch\\\/\",\"name\":\"Astro Events\",\"description\":\"This site is under construction, please visit in the meantime our official webpage: astroevents.ch or find us on facebook: https:\\\/\\\/www.facebook.com\\\/astroevents.ch\\\/\",\"publisher\":{\"@id\":\"https:\\\/\\\/astroevents.ch\\\/#organization\"},\"potentialAction\":[{\"@type\":\"SearchAction\",\"target\":{\"@type\":\"EntryPoint\",\"urlTemplate\":\"https:\\\/\\\/astroevents.ch\\\/?s={search_term_string}\"},\"query-input\":{\"@type\":\"PropertyValueSpecification\",\"valueRequired\":true,\"valueName\":\"search_term_string\"}}],\"inLanguage\":\"fr-FR\"},{\"@type\":\"Organization\",\"@id\":\"https:\\\/\\\/astroevents.ch\\\/#organization\",\"name\":\"Astro Events\",\"url\":\"https:\\\/\\\/astroevents.ch\\\/\",\"logo\":{\"@type\":\"ImageObject\",\"inLanguage\":\"fr-FR\",\"@id\":\"https:\\\/\\\/astroevents.ch\\\/#\\\/schema\\\/logo\\\/image\\\/\",\"url\":\"https:\\\/\\\/astroevents.ch\\\/wp-content\\\/uploads\\\/2020\\\/02\\\/AstroEvent_logo_white_path.png\",\"contentUrl\":\"https:\\\/\\\/astroevents.ch\\\/wp-content\\\/uploads\\\/2020\\\/02\\\/AstroEvent_logo_white_path.png\",\"width\":1113,\"height\":910,\"caption\":\"Astro Events\"},\"image\":{\"@id\":\"https:\\\/\\\/astroevents.ch\\\/#\\\/schema\\\/logo\\\/image\\\/\"}}]}<\/script>\n<!-- \/ Yoast SEO plugin. -->","yoast_head_json":{"title":"Nos futurs \u00e9v\u00e9nements","robots":{"index":"index","follow":"follow","max-snippet":"max-snippet:-1","max-image-preview":"max-image-preview:large","max-video-preview":"max-video-preview:-1"},"canonical":"https:\/\/astroevents.ch\/fr\/termine","og_locale":"fr_FR","og_type":"article","og_title":"[:de]Termine[:fr]Nos futurs \u00e9v\u00e9nements[:en]Upcoming events[:] - Astro Events","og_description":"En raison d&rsquo;un changement de plugin d\u00e9di\u00e9 aux \u00e9v\u00e9nements, les prochaines dates sont actuellement affich\u00e9es de mani\u00e8re simplifi\u00e9e:","og_url":"https:\/\/astroevents.ch\/fr\/termine","og_site_name":"Astro Events","article_modified_time":"2026-04-05T14:34:48+00:00","twitter_card":"summary_large_image","twitter_misc":{"Dur\u00e9e de lecture estim\u00e9e":"1 minute"},"schema":{"@context":"https:\/\/schema.org","@graph":[{"@type":"WebPage","@id":"https:\/\/astroevents.ch\/en\/termine","url":"https:\/\/astroevents.ch\/en\/termine","name":"Nos futurs \u00e9v\u00e9nements","isPartOf":{"@id":"https:\/\/astroevents.ch\/#website"},"datePublished":"2020-02-26T23:23:21+00:00","dateModified":"2026-04-05T14:34:48+00:00","breadcrumb":{"@id":"https:\/\/astroevents.ch\/en\/termine#breadcrumb"},"inLanguage":"fr-FR","potentialAction":[{"@type":"ReadAction","target":["https:\/\/astroevents.ch\/en\/termine"]}]},{"@type":"BreadcrumbList","@id":"https:\/\/astroevents.ch\/en\/termine#breadcrumb","itemListElement":[{"@type":"ListItem","position":1,"name":"Home","item":"https:\/\/astroevents.ch\/en\/"},{"@type":"ListItem","position":2,"name":"Upcoming events"}]},{"@type":"WebSite","@id":"https:\/\/astroevents.ch\/#website","url":"https:\/\/astroevents.ch\/","name":"Astro Events","description":"This site is under construction, please visit in the meantime our official webpage: astroevents.ch or find us on facebook: https:\/\/www.facebook.com\/astroevents.ch\/","publisher":{"@id":"https:\/\/astroevents.ch\/#organization"},"potentialAction":[{"@type":"SearchAction","target":{"@type":"EntryPoint","urlTemplate":"https:\/\/astroevents.ch\/?s={search_term_string}"},"query-input":{"@type":"PropertyValueSpecification","valueRequired":true,"valueName":"search_term_string"}}],"inLanguage":"fr-FR"},{"@type":"Organization","@id":"https:\/\/astroevents.ch\/#organization","name":"Astro Events","url":"https:\/\/astroevents.ch\/","logo":{"@type":"ImageObject","inLanguage":"fr-FR","@id":"https:\/\/astroevents.ch\/#\/schema\/logo\/image\/","url":"https:\/\/astroevents.ch\/wp-content\/uploads\/2020\/02\/AstroEvent_logo_white_path.png","contentUrl":"https:\/\/astroevents.ch\/wp-content\/uploads\/2020\/02\/AstroEvent_logo_white_path.png","width":1113,"height":910,"caption":"Astro Events"},"image":{"@id":"https:\/\/astroevents.ch\/#\/schema\/logo\/image\/"}}]}},"_links":{"self":[{"href":"https:\/\/astroevents.ch\/fr\/wp-json\/wp\/v2\/pages\/77","targetHints":{"allow":["GET"]}}],"collection":[{"href":"https:\/\/astroevents.ch\/fr\/wp-json\/wp\/v2\/pages"}],"about":[{"href":"https:\/\/astroevents.ch\/fr\/wp-json\/wp\/v2\/types\/page"}],"author":[{"embeddable":true,"href":"https:\/\/astroevents.ch\/fr\/wp-json\/wp\/v2\/users\/1"}],"replies":[{"embeddable":true,"href":"https:\/\/astroevents.ch\/fr\/wp-json\/wp\/v2\/comments?post=77"}],"version-history":[{"count":9,"href":"https:\/\/astroevents.ch\/fr\/wp-json\/wp\/v2\/pages\/77\/revisions"}],"predecessor-version":[{"id":864,"href":"https:\/\/astroevents.ch\/fr\/wp-json\/wp\/v2\/pages\/77\/revisions\/864"}],"wp:attachment":[{"href":"https:\/\/astroevents.ch\/fr\/wp-json\/wp\/v2\/media?parent=77"}],"curies":[{"name":"wp","href":"https:\/\/api.w.org\/{rel}","templated":true}]}}