{"id":39,"date":"2020-02-26T18:07:09","date_gmt":"2020-02-26T18:07:09","guid":{"rendered":"https:\/\/astroevent.ch\/?page_id=39"},"modified":"2022-02-02T20:36:20","modified_gmt":"2022-02-02T20:36:20","slug":"home","status":"publish","type":"page","link":"https:\/\/astroevents.ch\/fr\/","title":{"rendered":"Bienvenue"},"content":{"rendered":"\n<p class=\"has-text-color\" style=\"color:#0099a3\"><strong><span style=\"color:#3a4a5a\" class=\"has-inline-color\">Entdecken Sie den Sternenhimmel an nur einem Abend !<\/span><\/strong><\/p>\n\n\n\n<p>Unsere Anl\u00e4sse bieten Ihnen die M\u00f6glichkeit in das Thema Astronomie einzutauchen. Die Astronomieabende kombinieren eine interaktive Einf\u00fchrung mit der Beobachtung des Sternenhimmels durch professionelle Teleskope. Die Events werden meistens mit einem Abendessen abgerundet. <strong>Unsere n\u00e4chsten Termine<\/strong> finden Sie <a href=\"https:\/\/astroevent.ch\/termine\">hier<\/a>.<\/p>\n\n\n\n<hr class=\"wp-block-separator\"\/>\n\n\n\n<p><strong>Eindr\u00fccke von den Anl\u00e4ssen<\/strong><\/p>\n\n\n\n<div class=\"wp-block-soliloquy-soliloquywp\"><div aria-live=\"polite\" id=\"soliloquy-container-183_1\" class=\"soliloquy-container soliloquy-transition-fade  soliloquy-theme-base\" style=\"max-width:980px;max-height:500px;\"><ul id=\"soliloquy-183_1\" class=\"soliloquy-slider soliloquy-slides soliloquy-wrap soliloquy-clear\"><li aria-hidden=\"true\" class=\"soliloquy-item soliloquy-item-1 soliloquy-image-slide\" draggable=\"false\" style=\"list-style:none\"><img decoding=\"async\" id=\"soliloquy-image-185\" class=\"soliloquy-image soliloquy-image-1\" src=\"https:\/\/astroevents.ch\/wp-content\/uploads\/2020\/11\/ND75079-1-scaled-980x500_c.jpg\" alt=\"_ND75079\" \/><\/li><li aria-hidden=\"true\" class=\"soliloquy-item soliloquy-item-2 soliloquy-image-slide\" draggable=\"false\" style=\"list-style:none\"><img decoding=\"async\" id=\"soliloquy-image-186\" class=\"soliloquy-image soliloquy-image-2\" src=\"https:\/\/astroevents.ch\/wp-content\/uploads\/2020\/11\/Astro-Gruppe1-Oliver-Schmid-1-scaled-980x500_c.jpg\" alt=\"Astro-Gruppe1 Oliver Schmid\" \/><\/li><li aria-hidden=\"true\" class=\"soliloquy-item soliloquy-item-3 soliloquy-image-slide\" draggable=\"false\" style=\"list-style:none\"><img decoding=\"async\" id=\"soliloquy-image-187\" class=\"soliloquy-image soliloquy-image-3\" src=\"https:\/\/astroevents.ch\/wp-content\/uploads\/2020\/11\/Astronomie-1-980x500_c.jpg\" alt=\"Astronomie\" \/><\/li><li aria-hidden=\"true\" class=\"soliloquy-item soliloquy-item-4 soliloquy-image-slide\" draggable=\"false\" style=\"list-style:none\"><img decoding=\"async\" id=\"soliloquy-image-188\" class=\"soliloquy-image soliloquy-image-4\" src=\"https:\/\/astroevents.ch\/wp-content\/uploads\/2020\/11\/Beobachtung-Guggisberg-1-scaled-980x500_c.jpg\" alt=\"Beobachtung Guggisberg\" \/><\/li><li aria-hidden=\"true\" class=\"soliloquy-item soliloquy-item-5 soliloquy-image-slide\" draggable=\"false\" style=\"list-style:none\"><img decoding=\"async\" id=\"soliloquy-image-189\" class=\"soliloquy-image soliloquy-image-5\" src=\"https:\/\/astroevents.ch\/wp-content\/uploads\/2020\/11\/Sonnenbeobachtung-1-scaled-980x500_c.jpg\" alt=\"Sonnenbeobachtung\" \/><\/li><li aria-hidden=\"true\" class=\"soliloquy-item soliloquy-item-6 soliloquy-image-slide\" draggable=\"false\" style=\"list-style:none\"><img decoding=\"async\" id=\"soliloquy-image-190\" class=\"soliloquy-image soliloquy-image-6\" src=\"https:\/\/astroevents.ch\/wp-content\/uploads\/2020\/11\/Stand-de-demonstration-scaled-980x500_c.jpg\" alt=\"Stand de d\u00e9monstration\" \/><\/li><li aria-hidden=\"true\" class=\"soliloquy-item soliloquy-item-7 soliloquy-image-slide\" draggable=\"false\" style=\"list-style:none\"><img decoding=\"async\" id=\"soliloquy-image-191\" class=\"soliloquy-image soliloquy-image-7\" src=\"https:\/\/astroevents.ch\/wp-content\/uploads\/2020\/11\/Telescope-a-lentilles-1-scaled-980x500_c.jpg\" alt=\"T\u00e9lescope \u00e0 lentilles\" \/><\/li><\/ul><\/div><noscript><style type=\"text\/css\">#soliloquy-container-183_1{opacity:1}<\/style><\/noscript><\/div>\n\n\n\n<hr class=\"wp-block-separator\"\/>\n\n\n\n<p><strong>Timelapse von einem Astroabend<\/strong><\/p>\n\n\n\n<div class=\"wp-block-buttons is-content-justification-left is-layout-flex wp-container-core-buttons-is-layout-fdcfc74e wp-block-buttons-is-layout-flex\"><\/div>\n\n\n\n<figure class=\"wp-block-video\"><video height=\"1080\" style=\"aspect-ratio: 1632 \/ 1080;\" width=\"1632\" controls muted src=\"https:\/\/astroevent.ch\/wp-content\/uploads\/2020\/11\/AstroEvents_Gurten_Uptown-1920.mp4\"><\/video><\/figure>\n\n\n\n<p><\/p>\n","protected":false},"excerpt":{"rendered":"<p>Entdecken Sie den Sternenhimmel an nur einem Abend ! Unsere Anl\u00e4sse bieten Ihnen die M\u00f6glichkeit in das Thema Astronomie einzutauchen. Die Astronomieabende kombinieren eine interaktive Einf\u00fchrung mit der Beobachtung des&hellip;&nbsp;<a href=\"https:\/\/astroevents.ch\/fr\/\" rel=\"bookmark\">Lire la suite &raquo;<span class=\"screen-reader-text\">Bienvenue<\/span><\/a><\/p>\n","protected":false},"author":1,"featured_media":0,"parent":0,"menu_order":0,"comment_status":"closed","ping_status":"closed","template":"","meta":{"_monsterinsights_skip_tracking":false,"_monsterinsights_sitenote_active":false,"_monsterinsights_sitenote_note":"","_monsterinsights_sitenote_category":0,"neve_meta_sidebar":"","neve_meta_container":"","neve_meta_enable_content_width":"on","neve_meta_content_width":84,"neve_meta_title_alignment":"","neve_meta_author_avatar":"","neve_post_elements_order":"","neve_meta_disable_header":"","neve_meta_disable_footer":"","neve_meta_disable_title":"","footnotes":""},"class_list":["post-39","page","type-page","status-publish","hentry"],"yoast_head":"<!-- This site is optimized with the Yoast SEO plugin v27.3 - https:\/\/yoast.com\/product\/yoast-seo-wordpress\/ -->\n<title>Bienvenue<\/title>\n<meta name=\"robots\" content=\"index, follow, max-snippet:-1, max-image-preview:large, max-video-preview:-1\" \/>\n<link rel=\"canonical\" href=\"https:\/\/astroevents.ch\/fr\/\" \/>\n<meta property=\"og:locale\" content=\"fr_FR\" \/>\n<meta property=\"og:locale:alternate\" content=\"de_CH\" \/>\n<meta property=\"og:locale:alternate\" content=\"en-uk\" \/>\n<meta property=\"og:type\" content=\"article\" \/>\n<meta property=\"og:title\" content=\"Bienvenue\" \/>\n<meta property=\"og:description\" content=\"Entdecken Sie den Sternenhimmel an nur einem Abend ! Unsere Anl\u00e4sse bieten Ihnen die M\u00f6glichkeit in das Thema Astronomie einzutauchen. Die Astronomieabende kombinieren eine interaktive Einf\u00fchrung mit der Beobachtung des&hellip;&nbsp;Lire la suite &raquo;Bienvenue\" \/>\n<meta property=\"og:url\" content=\"https:\/\/astroevents.ch\/fr\/\" \/>\n<meta property=\"og:site_name\" content=\"Astro Events\" \/>\n<meta property=\"article:modified_time\" content=\"2022-02-02T20:36:20+00:00\" \/>\n<meta name=\"twitter:card\" content=\"summary_large_image\" \/>\n<meta name=\"twitter:label1\" content=\"Dur\u00e9e de lecture estim\u00e9e\" \/>\n\t<meta name=\"twitter:data1\" content=\"1 minute\" \/>\n<script type=\"application\/ld+json\" class=\"yoast-schema-graph\">{\"@context\":\"https:\\\/\\\/schema.org\",\"@graph\":[{\"@type\":\"WebPage\",\"@id\":\"https:\\\/\\\/astroevents.ch\\\/en\\\/\",\"url\":\"https:\\\/\\\/astroevents.ch\\\/en\\\/\",\"name\":\"Bienvenue\",\"isPartOf\":{\"@id\":\"https:\\\/\\\/astroevents.ch\\\/#website\"},\"datePublished\":\"2020-02-26T18:07:09+00:00\",\"dateModified\":\"2022-02-02T20:36:20+00:00\",\"breadcrumb\":{\"@id\":\"https:\\\/\\\/astroevents.ch\\\/en\\\/#breadcrumb\"},\"inLanguage\":\"fr-FR\",\"potentialAction\":[{\"@type\":\"ReadAction\",\"target\":[\"https:\\\/\\\/astroevents.ch\\\/en\\\/\"]}]},{\"@type\":\"BreadcrumbList\",\"@id\":\"https:\\\/\\\/astroevents.ch\\\/en\\\/#breadcrumb\",\"itemListElement\":[{\"@type\":\"ListItem\",\"position\":1,\"name\":\"Home\",\"item\":\"https:\\\/\\\/astroevents.ch\\\/en\\\/\"},{\"@type\":\"ListItem\",\"position\":2,\"name\":\"Welcome\"}]},{\"@type\":\"WebSite\",\"@id\":\"https:\\\/\\\/astroevents.ch\\\/#website\",\"url\":\"https:\\\/\\\/astroevents.ch\\\/\",\"name\":\"Astro Events\",\"description\":\"This site is under construction, please visit in the meantime our official webpage: astroevents.ch or find us on facebook: https:\\\/\\\/www.facebook.com\\\/astroevents.ch\\\/\",\"publisher\":{\"@id\":\"https:\\\/\\\/astroevents.ch\\\/#organization\"},\"potentialAction\":[{\"@type\":\"SearchAction\",\"target\":{\"@type\":\"EntryPoint\",\"urlTemplate\":\"https:\\\/\\\/astroevents.ch\\\/?s={search_term_string}\"},\"query-input\":{\"@type\":\"PropertyValueSpecification\",\"valueRequired\":true,\"valueName\":\"search_term_string\"}}],\"inLanguage\":\"fr-FR\"},{\"@type\":\"Organization\",\"@id\":\"https:\\\/\\\/astroevents.ch\\\/#organization\",\"name\":\"Astro Events\",\"url\":\"https:\\\/\\\/astroevents.ch\\\/\",\"logo\":{\"@type\":\"ImageObject\",\"inLanguage\":\"fr-FR\",\"@id\":\"https:\\\/\\\/astroevents.ch\\\/#\\\/schema\\\/logo\\\/image\\\/\",\"url\":\"https:\\\/\\\/astroevents.ch\\\/wp-content\\\/uploads\\\/2020\\\/02\\\/AstroEvent_logo_white_path.png\",\"contentUrl\":\"https:\\\/\\\/astroevents.ch\\\/wp-content\\\/uploads\\\/2020\\\/02\\\/AstroEvent_logo_white_path.png\",\"width\":1113,\"height\":910,\"caption\":\"Astro Events\"},\"image\":{\"@id\":\"https:\\\/\\\/astroevents.ch\\\/#\\\/schema\\\/logo\\\/image\\\/\"}}]}<\/script>\n<!-- \/ Yoast SEO plugin. -->","yoast_head_json":{"title":"Bienvenue","robots":{"index":"index","follow":"follow","max-snippet":"max-snippet:-1","max-image-preview":"max-image-preview:large","max-video-preview":"max-video-preview:-1"},"canonical":"https:\/\/astroevents.ch\/fr\/","og_locale":"fr_FR","og_type":"article","og_title":"[:de]Willkommen[:fr]Bienvenue[:en]Welcome[:] - Astro Events","og_description":"Entdecken Sie den Sternenhimmel an nur einem Abend ! Unsere Anl\u00e4sse bieten Ihnen die M\u00f6glichkeit in das Thema Astronomie einzutauchen. Die Astronomieabende kombinieren eine interaktive Einf\u00fchrung mit der Beobachtung des&hellip;&nbsp;Lire la suite &raquo;Bienvenue","og_url":"https:\/\/astroevents.ch\/fr\/","og_site_name":"Astro Events","article_modified_time":"2022-02-02T20:36:20+00:00","twitter_card":"summary_large_image","twitter_misc":{"Dur\u00e9e de lecture estim\u00e9e":"1 minute"},"schema":{"@context":"https:\/\/schema.org","@graph":[{"@type":"WebPage","@id":"https:\/\/astroevents.ch\/en\/","url":"https:\/\/astroevents.ch\/en\/","name":"Bienvenue","isPartOf":{"@id":"https:\/\/astroevents.ch\/#website"},"datePublished":"2020-02-26T18:07:09+00:00","dateModified":"2022-02-02T20:36:20+00:00","breadcrumb":{"@id":"https:\/\/astroevents.ch\/en\/#breadcrumb"},"inLanguage":"fr-FR","potentialAction":[{"@type":"ReadAction","target":["https:\/\/astroevents.ch\/en\/"]}]},{"@type":"BreadcrumbList","@id":"https:\/\/astroevents.ch\/en\/#breadcrumb","itemListElement":[{"@type":"ListItem","position":1,"name":"Home","item":"https:\/\/astroevents.ch\/en\/"},{"@type":"ListItem","position":2,"name":"Welcome"}]},{"@type":"WebSite","@id":"https:\/\/astroevents.ch\/#website","url":"https:\/\/astroevents.ch\/","name":"Astro Events","description":"This site is under construction, please visit in the meantime our official webpage: astroevents.ch or find us on facebook: https:\/\/www.facebook.com\/astroevents.ch\/","publisher":{"@id":"https:\/\/astroevents.ch\/#organization"},"potentialAction":[{"@type":"SearchAction","target":{"@type":"EntryPoint","urlTemplate":"https:\/\/astroevents.ch\/?s={search_term_string}"},"query-input":{"@type":"PropertyValueSpecification","valueRequired":true,"valueName":"search_term_string"}}],"inLanguage":"fr-FR"},{"@type":"Organization","@id":"https:\/\/astroevents.ch\/#organization","name":"Astro Events","url":"https:\/\/astroevents.ch\/","logo":{"@type":"ImageObject","inLanguage":"fr-FR","@id":"https:\/\/astroevents.ch\/#\/schema\/logo\/image\/","url":"https:\/\/astroevents.ch\/wp-content\/uploads\/2020\/02\/AstroEvent_logo_white_path.png","contentUrl":"https:\/\/astroevents.ch\/wp-content\/uploads\/2020\/02\/AstroEvent_logo_white_path.png","width":1113,"height":910,"caption":"Astro Events"},"image":{"@id":"https:\/\/astroevents.ch\/#\/schema\/logo\/image\/"}}]}},"_links":{"self":[{"href":"https:\/\/astroevents.ch\/fr\/wp-json\/wp\/v2\/pages\/39","targetHints":{"allow":["GET"]}}],"collection":[{"href":"https:\/\/astroevents.ch\/fr\/wp-json\/wp\/v2\/pages"}],"about":[{"href":"https:\/\/astroevents.ch\/fr\/wp-json\/wp\/v2\/types\/page"}],"author":[{"embeddable":true,"href":"https:\/\/astroevents.ch\/fr\/wp-json\/wp\/v2\/users\/1"}],"replies":[{"embeddable":true,"href":"https:\/\/astroevents.ch\/fr\/wp-json\/wp\/v2\/comments?post=39"}],"version-history":[{"count":32,"href":"https:\/\/astroevents.ch\/fr\/wp-json\/wp\/v2\/pages\/39\/revisions"}],"predecessor-version":[{"id":598,"href":"https:\/\/astroevents.ch\/fr\/wp-json\/wp\/v2\/pages\/39\/revisions\/598"}],"wp:attachment":[{"href":"https:\/\/astroevents.ch\/fr\/wp-json\/wp\/v2\/media?parent=39"}],"curies":[{"name":"wp","href":"https:\/\/api.w.org\/{rel}","templated":true}]}}