{"id":21,"date":"2020-02-26T16:29:37","date_gmt":"2020-02-26T16:29:37","guid":{"rendered":"https:\/\/astroevent.ch\/?page_id=21"},"modified":"2022-01-02T19:52:38","modified_gmt":"2022-01-02T19:52:38","slug":"orte","status":"publish","type":"page","link":"https:\/\/astroevents.ch\/fr\/orte","title":{"rendered":"Lieux"},"content":{"rendered":"\n<p>Sur la carte suivante sont indiqu\u00e9s tous nos lieux o\u00f9 nous organisons des soir\u00e9es d&rsquo;astronomie. Les drapeaux bleus indiquent les lieux o\u00f9 les \u00e9v\u00e9nements sont organis\u00e9s en fran\u00e7ais et les drapeaux rouges indiquent les lieux partenaires germanophones. Au sommet du Pilatus les \u00e9v\u00e9nements sont aussi organis\u00e9s en anglais. Il est possible d&rsquo;organiser un \u00e9v\u00e9nement de groupe en fran\u00e7ais, allemand ou anglais \u00e0 un endroit de votre choix.<\/p>\n\n\n\n<p><iframe loading=\"lazy\" src=\"https:\/\/www.google.com\/maps\/d\/embed?mid=1ujZbTAZ_namS36-hMXc8_EaWaRs\" width=\"800\" height=\"480\"><\/iframe><\/p>\n","protected":false},"excerpt":{"rendered":"<p>Sur la carte suivante sont indiqu\u00e9s tous nos lieux o\u00f9 nous organisons des soir\u00e9es d&rsquo;astronomie. Les drapeaux bleus indiquent les lieux o\u00f9 les \u00e9v\u00e9nements sont organis\u00e9s en fran\u00e7ais et les&hellip;&nbsp;<a href=\"https:\/\/astroevents.ch\/fr\/orte\" rel=\"bookmark\">Lire la suite &raquo;<span class=\"screen-reader-text\">Lieux<\/span><\/a><\/p>\n","protected":false},"author":1,"featured_media":0,"parent":0,"menu_order":0,"comment_status":"closed","ping_status":"closed","template":"","meta":{"_monsterinsights_skip_tracking":false,"_monsterinsights_sitenote_active":false,"_monsterinsights_sitenote_note":"","_monsterinsights_sitenote_category":0,"neve_meta_sidebar":"","neve_meta_container":"","neve_meta_enable_content_width":"off","neve_meta_content_width":0,"neve_meta_title_alignment":"","neve_meta_author_avatar":"","neve_post_elements_order":"","neve_meta_disable_header":"","neve_meta_disable_footer":"","neve_meta_disable_title":"","footnotes":""},"class_list":["post-21","page","type-page","status-publish","hentry"],"yoast_head":"<!-- This site is optimized with the Yoast SEO plugin v27.4 - https:\/\/yoast.com\/product\/yoast-seo-wordpress\/ -->\n<title>Lieux<\/title>\n<meta name=\"robots\" content=\"index, follow, max-snippet:-1, max-image-preview:large, max-video-preview:-1\" \/>\n<link rel=\"canonical\" href=\"https:\/\/astroevents.ch\/fr\/orte\" \/>\n<meta property=\"og:locale\" content=\"fr_FR\" \/>\n<meta property=\"og:locale:alternate\" content=\"de_CH\" \/>\n<meta property=\"og:locale:alternate\" content=\"en-uk\" \/>\n<meta property=\"og:type\" content=\"article\" \/>\n<meta property=\"og:title\" content=\"Lieux\" \/>\n<meta property=\"og:description\" content=\"Sur la carte suivante sont indiqu\u00e9s tous nos lieux o\u00f9 nous organisons des soir\u00e9es d&rsquo;astronomie. Les drapeaux bleus indiquent les lieux o\u00f9 les \u00e9v\u00e9nements sont organis\u00e9s en fran\u00e7ais et les&hellip;&nbsp;Lire la suite &raquo;Lieux\" \/>\n<meta property=\"og:url\" content=\"https:\/\/astroevents.ch\/fr\/orte\" \/>\n<meta property=\"og:site_name\" content=\"Astro Events\" \/>\n<meta property=\"article:modified_time\" content=\"2022-01-02T19:52:38+00:00\" \/>\n<meta name=\"twitter:card\" content=\"summary_large_image\" \/>\n<meta name=\"twitter:label1\" content=\"Dur\u00e9e de lecture estim\u00e9e\" \/>\n\t<meta name=\"twitter:data1\" content=\"1 minute\" \/>\n<script type=\"application\/ld+json\" class=\"yoast-schema-graph\">{\"@context\":\"https:\\\/\\\/schema.org\",\"@graph\":[{\"@type\":\"WebPage\",\"@id\":\"https:\\\/\\\/astroevents.ch\\\/fr\\\/orte\",\"url\":\"https:\\\/\\\/astroevents.ch\\\/fr\\\/orte\",\"name\":\"Lieux\",\"isPartOf\":{\"@id\":\"https:\\\/\\\/astroevents.ch\\\/#website\"},\"datePublished\":\"2020-02-26T16:29:37+00:00\",\"dateModified\":\"2022-01-02T19:52:38+00:00\",\"breadcrumb\":{\"@id\":\"https:\\\/\\\/astroevents.ch\\\/fr\\\/orte#breadcrumb\"},\"inLanguage\":\"fr-FR\",\"potentialAction\":[{\"@type\":\"ReadAction\",\"target\":[\"https:\\\/\\\/astroevents.ch\\\/fr\\\/orte\"]}]},{\"@type\":\"BreadcrumbList\",\"@id\":\"https:\\\/\\\/astroevents.ch\\\/fr\\\/orte#breadcrumb\",\"itemListElement\":[{\"@type\":\"ListItem\",\"position\":1,\"name\":\"Home\",\"item\":\"https:\\\/\\\/astroevents.ch\\\/en\\\/\"},{\"@type\":\"ListItem\",\"position\":2,\"name\":\"Lieux\"}]},{\"@type\":\"WebSite\",\"@id\":\"https:\\\/\\\/astroevents.ch\\\/#website\",\"url\":\"https:\\\/\\\/astroevents.ch\\\/\",\"name\":\"Astro Events\",\"description\":\"This site is under construction, please visit in the meantime our official webpage: astroevents.ch or find us on facebook: https:\\\/\\\/www.facebook.com\\\/astroevents.ch\\\/\",\"publisher\":{\"@id\":\"https:\\\/\\\/astroevents.ch\\\/#organization\"},\"potentialAction\":[{\"@type\":\"SearchAction\",\"target\":{\"@type\":\"EntryPoint\",\"urlTemplate\":\"https:\\\/\\\/astroevents.ch\\\/?s={search_term_string}\"},\"query-input\":{\"@type\":\"PropertyValueSpecification\",\"valueRequired\":true,\"valueName\":\"search_term_string\"}}],\"inLanguage\":\"fr-FR\"},{\"@type\":\"Organization\",\"@id\":\"https:\\\/\\\/astroevents.ch\\\/#organization\",\"name\":\"Astro Events\",\"url\":\"https:\\\/\\\/astroevents.ch\\\/\",\"logo\":{\"@type\":\"ImageObject\",\"inLanguage\":\"fr-FR\",\"@id\":\"https:\\\/\\\/astroevents.ch\\\/#\\\/schema\\\/logo\\\/image\\\/\",\"url\":\"https:\\\/\\\/astroevents.ch\\\/wp-content\\\/uploads\\\/2020\\\/02\\\/AstroEvent_logo_white_path.png\",\"contentUrl\":\"https:\\\/\\\/astroevents.ch\\\/wp-content\\\/uploads\\\/2020\\\/02\\\/AstroEvent_logo_white_path.png\",\"width\":1113,\"height\":910,\"caption\":\"Astro Events\"},\"image\":{\"@id\":\"https:\\\/\\\/astroevents.ch\\\/#\\\/schema\\\/logo\\\/image\\\/\"}}]}<\/script>\n<!-- \/ Yoast SEO plugin. -->","yoast_head_json":{"title":"Lieux","robots":{"index":"index","follow":"follow","max-snippet":"max-snippet:-1","max-image-preview":"max-image-preview:large","max-video-preview":"max-video-preview:-1"},"canonical":"https:\/\/astroevents.ch\/fr\/orte","og_locale":"fr_FR","og_type":"article","og_title":"[:de]Orte[:fr]Lieux[:en]Locations[:] - Astro Events","og_description":"Sur la carte suivante sont indiqu\u00e9s tous nos lieux o\u00f9 nous organisons des soir\u00e9es d&rsquo;astronomie. Les drapeaux bleus indiquent les lieux o\u00f9 les \u00e9v\u00e9nements sont organis\u00e9s en fran\u00e7ais et les&hellip;&nbsp;Lire la suite &raquo;Lieux","og_url":"https:\/\/astroevents.ch\/fr\/orte","og_site_name":"Astro Events","article_modified_time":"2022-01-02T19:52:38+00:00","twitter_card":"summary_large_image","twitter_misc":{"Dur\u00e9e de lecture estim\u00e9e":"1 minute"},"schema":{"@context":"https:\/\/schema.org","@graph":[{"@type":"WebPage","@id":"https:\/\/astroevents.ch\/fr\/orte","url":"https:\/\/astroevents.ch\/fr\/orte","name":"Lieux","isPartOf":{"@id":"https:\/\/astroevents.ch\/#website"},"datePublished":"2020-02-26T16:29:37+00:00","dateModified":"2022-01-02T19:52:38+00:00","breadcrumb":{"@id":"https:\/\/astroevents.ch\/fr\/orte#breadcrumb"},"inLanguage":"fr-FR","potentialAction":[{"@type":"ReadAction","target":["https:\/\/astroevents.ch\/fr\/orte"]}]},{"@type":"BreadcrumbList","@id":"https:\/\/astroevents.ch\/fr\/orte#breadcrumb","itemListElement":[{"@type":"ListItem","position":1,"name":"Home","item":"https:\/\/astroevents.ch\/en\/"},{"@type":"ListItem","position":2,"name":"Lieux"}]},{"@type":"WebSite","@id":"https:\/\/astroevents.ch\/#website","url":"https:\/\/astroevents.ch\/","name":"Astro Events","description":"This site is under construction, please visit in the meantime our official webpage: astroevents.ch or find us on facebook: https:\/\/www.facebook.com\/astroevents.ch\/","publisher":{"@id":"https:\/\/astroevents.ch\/#organization"},"potentialAction":[{"@type":"SearchAction","target":{"@type":"EntryPoint","urlTemplate":"https:\/\/astroevents.ch\/?s={search_term_string}"},"query-input":{"@type":"PropertyValueSpecification","valueRequired":true,"valueName":"search_term_string"}}],"inLanguage":"fr-FR"},{"@type":"Organization","@id":"https:\/\/astroevents.ch\/#organization","name":"Astro Events","url":"https:\/\/astroevents.ch\/","logo":{"@type":"ImageObject","inLanguage":"fr-FR","@id":"https:\/\/astroevents.ch\/#\/schema\/logo\/image\/","url":"https:\/\/astroevents.ch\/wp-content\/uploads\/2020\/02\/AstroEvent_logo_white_path.png","contentUrl":"https:\/\/astroevents.ch\/wp-content\/uploads\/2020\/02\/AstroEvent_logo_white_path.png","width":1113,"height":910,"caption":"Astro Events"},"image":{"@id":"https:\/\/astroevents.ch\/#\/schema\/logo\/image\/"}}]}},"_links":{"self":[{"href":"https:\/\/astroevents.ch\/fr\/wp-json\/wp\/v2\/pages\/21","targetHints":{"allow":["GET"]}}],"collection":[{"href":"https:\/\/astroevents.ch\/fr\/wp-json\/wp\/v2\/pages"}],"about":[{"href":"https:\/\/astroevents.ch\/fr\/wp-json\/wp\/v2\/types\/page"}],"author":[{"embeddable":true,"href":"https:\/\/astroevents.ch\/fr\/wp-json\/wp\/v2\/users\/1"}],"replies":[{"embeddable":true,"href":"https:\/\/astroevents.ch\/fr\/wp-json\/wp\/v2\/comments?post=21"}],"version-history":[{"count":19,"href":"https:\/\/astroevents.ch\/fr\/wp-json\/wp\/v2\/pages\/21\/revisions"}],"predecessor-version":[{"id":547,"href":"https:\/\/astroevents.ch\/fr\/wp-json\/wp\/v2\/pages\/21\/revisions\/547"}],"wp:attachment":[{"href":"https:\/\/astroevents.ch\/fr\/wp-json\/wp\/v2\/media?parent=21"}],"curies":[{"name":"wp","href":"https:\/\/api.w.org\/{rel}","templated":true}]}}