{"id":154,"date":"2020-03-03T19:01:52","date_gmt":"2020-03-03T19:01:52","guid":{"rendered":"https:\/\/astroevent.ch\/en\/?page_id=154"},"modified":"2020-11-30T00:24:21","modified_gmt":"2020-11-30T00:24:21","slug":"teleskopschulung","status":"publish","type":"page","link":"https:\/\/astroevents.ch\/fr\/teleskopschulung","title":{"rendered":"Teleskopschulung"},"content":{"rendered":"\n<h4 class=\"wp-block-heading\">Haben Sie ein Teleskop gekauft und kommen noch nicht gut mit der Funktionsweise klar und wissen nicht was Sie beobachten sollen?<\/h4>\n\n\n\n<p>Dann k\u00f6nnen wir Ihnen weiterhelfen mit einer pers\u00f6nlichen praktischen Schulung. H\u00e4ufig kommt es vor dass der Aufbau eines Teleskops und Suche von Beobachtungsobjekten am Himmel untersch\u00e4tzt wird. Wir k\u00f6nnen Ihnen zeigen wie Sie ihre Teleskopmontierung richtig aufstellen und wie Sie am besten Objekte anvisieren ohne Hilfe von Teleskopmotoren. Wir k\u00f6nnen Ihnen auch helfen falls Sie sich fragen welches Zubeh\u00f6r noch n\u00fctzlich sein k\u00f6nnte f\u00fcr Sie. Wenn Sie an einer pers\u00f6nlichen Schulung interessiert sind, k\u00f6nnen Sie uns gerne via unser Kontaktformular anschreiben.<\/p>\n","protected":false},"excerpt":{"rendered":"<p>Haben Sie ein Teleskop gekauft und kommen noch nicht gut mit der Funktionsweise klar und wissen nicht was Sie beobachten sollen? Dann k\u00f6nnen wir Ihnen weiterhelfen mit einer pers\u00f6nlichen praktischen&hellip;&nbsp;<a href=\"https:\/\/astroevents.ch\/fr\/teleskopschulung\" rel=\"bookmark\">Lire la suite &raquo;<span class=\"screen-reader-text\">Teleskopschulung<\/span><\/a><\/p>\n","protected":false},"author":1,"featured_media":0,"parent":0,"menu_order":0,"comment_status":"closed","ping_status":"closed","template":"","meta":{"_monsterinsights_skip_tracking":false,"_monsterinsights_sitenote_active":false,"_monsterinsights_sitenote_note":"","_monsterinsights_sitenote_category":0,"neve_meta_sidebar":"","neve_meta_container":"","neve_meta_enable_content_width":"off","neve_meta_content_width":0,"neve_meta_title_alignment":"","neve_meta_author_avatar":"","neve_post_elements_order":"","neve_meta_disable_header":"","neve_meta_disable_footer":"","neve_meta_disable_title":"","footnotes":""},"class_list":["post-154","page","type-page","status-publish","hentry"],"yoast_head":"<!-- This site is optimized with the Yoast SEO plugin v27.4 - https:\/\/yoast.com\/product\/yoast-seo-wordpress\/ -->\n<title>Teleskopschulung<\/title>\n<meta name=\"robots\" content=\"index, follow, max-snippet:-1, max-image-preview:large, max-video-preview:-1\" \/>\n<link rel=\"canonical\" href=\"https:\/\/astroevents.ch\/fr\/teleskopschulung\" \/>\n<meta property=\"og:locale\" content=\"fr_FR\" \/>\n<meta property=\"og:locale:alternate\" content=\"de_CH\" \/>\n<meta property=\"og:locale:alternate\" content=\"en-uk\" \/>\n<meta property=\"og:type\" content=\"article\" \/>\n<meta property=\"og:title\" content=\"Teleskopschulung\" \/>\n<meta property=\"og:description\" content=\"Haben Sie ein Teleskop gekauft und kommen noch nicht gut mit der Funktionsweise klar und wissen nicht was Sie beobachten sollen? Dann k\u00f6nnen wir Ihnen weiterhelfen mit einer pers\u00f6nlichen praktischen&hellip;&nbsp;Lire la suite &raquo;Teleskopschulung\" \/>\n<meta property=\"og:url\" content=\"https:\/\/astroevents.ch\/fr\/teleskopschulung\" \/>\n<meta property=\"og:site_name\" content=\"Astro Events\" \/>\n<meta property=\"article:modified_time\" content=\"2020-11-30T00:24:21+00:00\" \/>\n<meta name=\"twitter:card\" content=\"summary_large_image\" \/>\n<meta name=\"twitter:label1\" content=\"Dur\u00e9e de lecture estim\u00e9e\" \/>\n\t<meta name=\"twitter:data1\" content=\"1 minute\" \/>\n<script type=\"application\/ld+json\" class=\"yoast-schema-graph\">{\"@context\":\"https:\\\/\\\/schema.org\",\"@graph\":[{\"@type\":\"WebPage\",\"@id\":\"https:\\\/\\\/astroevents.ch\\\/en\\\/teleskopschulung\",\"url\":\"https:\\\/\\\/astroevents.ch\\\/en\\\/teleskopschulung\",\"name\":\"Teleskopschulung\",\"isPartOf\":{\"@id\":\"https:\\\/\\\/astroevents.ch\\\/#website\"},\"datePublished\":\"2020-03-03T19:01:52+00:00\",\"dateModified\":\"2020-11-30T00:24:21+00:00\",\"breadcrumb\":{\"@id\":\"https:\\\/\\\/astroevents.ch\\\/en\\\/teleskopschulung#breadcrumb\"},\"inLanguage\":\"fr-FR\",\"potentialAction\":[{\"@type\":\"ReadAction\",\"target\":[\"https:\\\/\\\/astroevents.ch\\\/en\\\/teleskopschulung\"]}]},{\"@type\":\"BreadcrumbList\",\"@id\":\"https:\\\/\\\/astroevents.ch\\\/en\\\/teleskopschulung#breadcrumb\",\"itemListElement\":[{\"@type\":\"ListItem\",\"position\":1,\"name\":\"Home\",\"item\":\"https:\\\/\\\/astroevents.ch\\\/en\\\/\"},{\"@type\":\"ListItem\",\"position\":2,\"name\":\"Teleskopschulung\"}]},{\"@type\":\"WebSite\",\"@id\":\"https:\\\/\\\/astroevents.ch\\\/#website\",\"url\":\"https:\\\/\\\/astroevents.ch\\\/\",\"name\":\"Astro Events\",\"description\":\"This site is under construction, please visit in the meantime our official webpage: astroevents.ch or find us on facebook: https:\\\/\\\/www.facebook.com\\\/astroevents.ch\\\/\",\"publisher\":{\"@id\":\"https:\\\/\\\/astroevents.ch\\\/#organization\"},\"potentialAction\":[{\"@type\":\"SearchAction\",\"target\":{\"@type\":\"EntryPoint\",\"urlTemplate\":\"https:\\\/\\\/astroevents.ch\\\/?s={search_term_string}\"},\"query-input\":{\"@type\":\"PropertyValueSpecification\",\"valueRequired\":true,\"valueName\":\"search_term_string\"}}],\"inLanguage\":\"fr-FR\"},{\"@type\":\"Organization\",\"@id\":\"https:\\\/\\\/astroevents.ch\\\/#organization\",\"name\":\"Astro Events\",\"url\":\"https:\\\/\\\/astroevents.ch\\\/\",\"logo\":{\"@type\":\"ImageObject\",\"inLanguage\":\"fr-FR\",\"@id\":\"https:\\\/\\\/astroevents.ch\\\/#\\\/schema\\\/logo\\\/image\\\/\",\"url\":\"https:\\\/\\\/astroevents.ch\\\/wp-content\\\/uploads\\\/2020\\\/02\\\/AstroEvent_logo_white_path.png\",\"contentUrl\":\"https:\\\/\\\/astroevents.ch\\\/wp-content\\\/uploads\\\/2020\\\/02\\\/AstroEvent_logo_white_path.png\",\"width\":1113,\"height\":910,\"caption\":\"Astro Events\"},\"image\":{\"@id\":\"https:\\\/\\\/astroevents.ch\\\/#\\\/schema\\\/logo\\\/image\\\/\"}}]}<\/script>\n<!-- \/ Yoast SEO plugin. -->","yoast_head_json":{"title":"Teleskopschulung","robots":{"index":"index","follow":"follow","max-snippet":"max-snippet:-1","max-image-preview":"max-image-preview:large","max-video-preview":"max-video-preview:-1"},"canonical":"https:\/\/astroevents.ch\/fr\/teleskopschulung","og_locale":"fr_FR","og_type":"article","og_title":"[:de]Teleskopschulung[:en]Teleskopschulung[:] - Astro Events","og_description":"Haben Sie ein Teleskop gekauft und kommen noch nicht gut mit der Funktionsweise klar und wissen nicht was Sie beobachten sollen? Dann k\u00f6nnen wir Ihnen weiterhelfen mit einer pers\u00f6nlichen praktischen&hellip;&nbsp;Lire la suite &raquo;Teleskopschulung","og_url":"https:\/\/astroevents.ch\/fr\/teleskopschulung","og_site_name":"Astro Events","article_modified_time":"2020-11-30T00:24:21+00:00","twitter_card":"summary_large_image","twitter_misc":{"Dur\u00e9e de lecture estim\u00e9e":"1 minute"},"schema":{"@context":"https:\/\/schema.org","@graph":[{"@type":"WebPage","@id":"https:\/\/astroevents.ch\/en\/teleskopschulung","url":"https:\/\/astroevents.ch\/en\/teleskopschulung","name":"Teleskopschulung","isPartOf":{"@id":"https:\/\/astroevents.ch\/#website"},"datePublished":"2020-03-03T19:01:52+00:00","dateModified":"2020-11-30T00:24:21+00:00","breadcrumb":{"@id":"https:\/\/astroevents.ch\/en\/teleskopschulung#breadcrumb"},"inLanguage":"fr-FR","potentialAction":[{"@type":"ReadAction","target":["https:\/\/astroevents.ch\/en\/teleskopschulung"]}]},{"@type":"BreadcrumbList","@id":"https:\/\/astroevents.ch\/en\/teleskopschulung#breadcrumb","itemListElement":[{"@type":"ListItem","position":1,"name":"Home","item":"https:\/\/astroevents.ch\/en\/"},{"@type":"ListItem","position":2,"name":"Teleskopschulung"}]},{"@type":"WebSite","@id":"https:\/\/astroevents.ch\/#website","url":"https:\/\/astroevents.ch\/","name":"Astro Events","description":"This site is under construction, please visit in the meantime our official webpage: astroevents.ch or find us on facebook: https:\/\/www.facebook.com\/astroevents.ch\/","publisher":{"@id":"https:\/\/astroevents.ch\/#organization"},"potentialAction":[{"@type":"SearchAction","target":{"@type":"EntryPoint","urlTemplate":"https:\/\/astroevents.ch\/?s={search_term_string}"},"query-input":{"@type":"PropertyValueSpecification","valueRequired":true,"valueName":"search_term_string"}}],"inLanguage":"fr-FR"},{"@type":"Organization","@id":"https:\/\/astroevents.ch\/#organization","name":"Astro Events","url":"https:\/\/astroevents.ch\/","logo":{"@type":"ImageObject","inLanguage":"fr-FR","@id":"https:\/\/astroevents.ch\/#\/schema\/logo\/image\/","url":"https:\/\/astroevents.ch\/wp-content\/uploads\/2020\/02\/AstroEvent_logo_white_path.png","contentUrl":"https:\/\/astroevents.ch\/wp-content\/uploads\/2020\/02\/AstroEvent_logo_white_path.png","width":1113,"height":910,"caption":"Astro Events"},"image":{"@id":"https:\/\/astroevents.ch\/#\/schema\/logo\/image\/"}}]}},"_links":{"self":[{"href":"https:\/\/astroevents.ch\/fr\/wp-json\/wp\/v2\/pages\/154","targetHints":{"allow":["GET"]}}],"collection":[{"href":"https:\/\/astroevents.ch\/fr\/wp-json\/wp\/v2\/pages"}],"about":[{"href":"https:\/\/astroevents.ch\/fr\/wp-json\/wp\/v2\/types\/page"}],"author":[{"embeddable":true,"href":"https:\/\/astroevents.ch\/fr\/wp-json\/wp\/v2\/users\/1"}],"replies":[{"embeddable":true,"href":"https:\/\/astroevents.ch\/fr\/wp-json\/wp\/v2\/comments?post=154"}],"version-history":[{"count":2,"href":"https:\/\/astroevents.ch\/fr\/wp-json\/wp\/v2\/pages\/154\/revisions"}],"predecessor-version":[{"id":241,"href":"https:\/\/astroevents.ch\/fr\/wp-json\/wp\/v2\/pages\/154\/revisions\/241"}],"wp:attachment":[{"href":"https:\/\/astroevents.ch\/fr\/wp-json\/wp\/v2\/media?parent=154"}],"curies":[{"name":"wp","href":"https:\/\/api.w.org\/{rel}","templated":true}]}}