{"id":85,"date":"2020-02-26T23:25:05","date_gmt":"2020-02-26T23:25:05","guid":{"rendered":"https:\/\/astroevent.ch\/?page_id=85"},"modified":"2021-12-18T16:44:21","modified_gmt":"2021-12-18T16:44:21","slug":"pilatus","status":"publish","type":"page","link":"https:\/\/astroevents.ch\/en\/pilatus","title":{"rendered":"Pilatus"},"content":{"rendered":"\n<figure class=\"wp-block-gallery columns-3 is-cropped wp-block-gallery-1 is-layout-flex wp-block-gallery-is-layout-flex\"><ul class=\"blocks-gallery-grid\"><li class=\"blocks-gallery-item\"><figure><img loading=\"lazy\" decoding=\"async\" width=\"1024\" height=\"683\" src=\"https:\/\/astroevents.ch\/wp-content\/uploads\/2021\/12\/Astro-Gruppe1-Oliver-Schmid-1024x683.jpg\" alt=\"\" data-id=\"433\" data-link=\"https:\/\/astroevents.ch\/pilatus\/astro-gruppe1-oliver-schmid-3\" class=\"wp-image-433\" srcset=\"https:\/\/astroevents.ch\/wp-content\/uploads\/2021\/12\/Astro-Gruppe1-Oliver-Schmid-1024x683.jpg 1024w, https:\/\/astroevents.ch\/wp-content\/uploads\/2021\/12\/Astro-Gruppe1-Oliver-Schmid-300x200.jpg 300w, https:\/\/astroevents.ch\/wp-content\/uploads\/2021\/12\/Astro-Gruppe1-Oliver-Schmid-768x512.jpg 768w, https:\/\/astroevents.ch\/wp-content\/uploads\/2021\/12\/Astro-Gruppe1-Oliver-Schmid-1536x1024.jpg 1536w, https:\/\/astroevents.ch\/wp-content\/uploads\/2021\/12\/Astro-Gruppe1-Oliver-Schmid-2048x1366.jpg 2048w, https:\/\/astroevents.ch\/wp-content\/uploads\/2021\/12\/Astro-Gruppe1-Oliver-Schmid-930x620.jpg 930w\" sizes=\"auto, (max-width: 1024px) 100vw, 1024px\" \/><\/figure><\/li><li class=\"blocks-gallery-item\"><figure><img loading=\"lazy\" decoding=\"async\" width=\"1024\" height=\"576\" src=\"https:\/\/astroevents.ch\/wp-content\/uploads\/2021\/12\/20190830_201117-1024x576.jpg\" alt=\"\" data-id=\"435\" data-full-url=\"https:\/\/astroevents.ch\/wp-content\/uploads\/2021\/12\/20190830_201117-scaled.jpg\" data-link=\"https:\/\/astroevents.ch\/pilatus\/20190830_201117\" class=\"wp-image-435\" srcset=\"https:\/\/astroevents.ch\/wp-content\/uploads\/2021\/12\/20190830_201117-1024x576.jpg 1024w, https:\/\/astroevents.ch\/wp-content\/uploads\/2021\/12\/20190830_201117-300x169.jpg 300w, https:\/\/astroevents.ch\/wp-content\/uploads\/2021\/12\/20190830_201117-768x432.jpg 768w, https:\/\/astroevents.ch\/wp-content\/uploads\/2021\/12\/20190830_201117-1536x864.jpg 1536w, https:\/\/astroevents.ch\/wp-content\/uploads\/2021\/12\/20190830_201117-2048x1152.jpg 2048w\" sizes=\"auto, (max-width: 1024px) 100vw, 1024px\" \/><\/figure><\/li><li class=\"blocks-gallery-item\"><figure><img loading=\"lazy\" decoding=\"async\" width=\"1024\" height=\"576\" src=\"https:\/\/astroevents.ch\/wp-content\/uploads\/2021\/12\/20191005_214504-1024x576.jpg\" alt=\"\" data-id=\"436\" data-full-url=\"https:\/\/astroevents.ch\/wp-content\/uploads\/2021\/12\/20191005_214504-scaled.jpg\" data-link=\"https:\/\/astroevents.ch\/pilatus\/20191005_214504\" class=\"wp-image-436\" srcset=\"https:\/\/astroevents.ch\/wp-content\/uploads\/2021\/12\/20191005_214504-1024x576.jpg 1024w, https:\/\/astroevents.ch\/wp-content\/uploads\/2021\/12\/20191005_214504-300x169.jpg 300w, https:\/\/astroevents.ch\/wp-content\/uploads\/2021\/12\/20191005_214504-768x432.jpg 768w, https:\/\/astroevents.ch\/wp-content\/uploads\/2021\/12\/20191005_214504-1536x864.jpg 1536w, https:\/\/astroevents.ch\/wp-content\/uploads\/2021\/12\/20191005_214504-2048x1152.jpg 2048w\" sizes=\"auto, (max-width: 1024px) 100vw, 1024px\" \/><\/figure><\/li><\/ul><\/figure>\n\n\n\n<p>Der Pilatus ist ein Ausflugsziel f\u00fcr jede Jahreszeit und befindet sich in der Zentralschweiz oberhalb von Luzern. Der Berg kann das ganze Jahr \u00fcber erreicht werden \u00fcber die Seilbahn (Kriens) oder die steilste Zahnradbahn der Welt (Alpnachstad). Die Sicht vom Pilatus ist traumhaft und reicht vom Berner Jura, \u00fcbers Mitteland bis hin zur Ostschweiz. Im Sommer ist der Berg zudem Startpunkt von vielen Wanderungen.<\/p>\n\n\n\n<p>Auf dem Pilatus gibt es das ganze Jahr \u00fcber etwas zu erleben, wie zum Beispiel die Steinbocksafari, Weihnachtsmarkt oder Pilatus on the rocks-Musikfestival. Einmal pro Monat finden die bekannten Astronomieabende auf dem Pilatus statt. Zudem gibt es die M\u00f6glichkeit in einem der zwei Hotels auf dem Pilatus zu \u00fcbernachten.<\/p>\n\n\n\n<p>Homepage: <a href=\"https:\/\/www.pilatus.ch\/entdecken\/astronomieabende\" target=\"_blank\" rel=\"noreferrer noopener\">https:\/\/www.pilatus.ch<\/a><\/p>\n\n\n\n<p>Reservation f\u00fcr die Astronomieabende unter: <a href=\"https:\/\/www.pilatus.ch\/entdecken\/astronomieabende\" target=\"_blank\" rel=\"noreferrer noopener\">https:\/\/www.pilatus.ch\/entdecken\/astronomieabende<\/a> oder per mail an: hotels@pilatus.ch<\/p>\n\n\n\n<p><\/p>\n\n\n\n<p><\/p>\n","protected":false},"excerpt":{"rendered":"<p>Der Pilatus ist ein Ausflugsziel f\u00fcr jede Jahreszeit und befindet sich in der Zentralschweiz oberhalb von Luzern. Der Berg kann das ganze Jahr \u00fcber erreicht werden \u00fcber die Seilbahn (Kriens)&hellip;&nbsp;<a href=\"https:\/\/astroevents.ch\/en\/pilatus\" rel=\"bookmark\">Read More &raquo;<span class=\"screen-reader-text\">Pilatus<\/span><\/a><\/p>\n","protected":false},"author":1,"featured_media":0,"parent":0,"menu_order":0,"comment_status":"closed","ping_status":"closed","template":"","meta":{"_monsterinsights_skip_tracking":false,"_monsterinsights_sitenote_active":false,"_monsterinsights_sitenote_note":"","_monsterinsights_sitenote_category":0,"neve_meta_sidebar":"","neve_meta_container":"","neve_meta_enable_content_width":"","neve_meta_content_width":0,"neve_meta_title_alignment":"","neve_meta_author_avatar":"","neve_post_elements_order":"","neve_meta_disable_header":"","neve_meta_disable_footer":"","neve_meta_disable_title":"","footnotes":""},"class_list":["post-85","page","type-page","status-publish","hentry"],"yoast_head":"<!-- This site is optimized with the Yoast SEO plugin v27.3 - https:\/\/yoast.com\/product\/yoast-seo-wordpress\/ -->\n<title>Pilatus<\/title>\n<meta name=\"robots\" content=\"index, follow, max-snippet:-1, max-image-preview:large, max-video-preview:-1\" \/>\n<link rel=\"canonical\" href=\"https:\/\/astroevents.ch\/en\/pilatus\" \/>\n<meta property=\"og:locale\" content=\"en_GB\" \/>\n<meta property=\"og:locale:alternate\" content=\"de_CH\" \/>\n<meta property=\"og:locale:alternate\" content=\"fr_FR\" \/>\n<meta property=\"og:type\" content=\"article\" \/>\n<meta property=\"og:title\" content=\"Pilatus\" \/>\n<meta property=\"og:description\" content=\"Der Pilatus ist ein Ausflugsziel f\u00fcr jede Jahreszeit und befindet sich in der Zentralschweiz oberhalb von Luzern. Der Berg kann das ganze Jahr \u00fcber erreicht werden \u00fcber die Seilbahn (Kriens)&hellip;&nbsp;Read More &raquo;Pilatus\" \/>\n<meta property=\"og:url\" content=\"https:\/\/astroevents.ch\/en\/pilatus\" \/>\n<meta property=\"og:site_name\" content=\"Astro Events\" \/>\n<meta property=\"article:modified_time\" content=\"2021-12-18T16:44:21+00:00\" \/>\n<meta property=\"og:image\" content=\"https:\/\/astroevents.ch\/wp-content\/uploads\/2021\/12\/Astro-Gruppe1-Oliver-Schmid-1024x683.jpg\" \/>\n<meta name=\"twitter:card\" content=\"summary_large_image\" \/>\n<meta name=\"twitter:label1\" content=\"Estimated reading time\" \/>\n\t<meta name=\"twitter:data1\" content=\"1 minute\" \/>\n<script type=\"application\/ld+json\" class=\"yoast-schema-graph\">{\"@context\":\"https:\\\/\\\/schema.org\",\"@graph\":[{\"@type\":\"WebPage\",\"@id\":\"https:\\\/\\\/astroevents.ch\\\/en\\\/pilatus\",\"url\":\"https:\\\/\\\/astroevents.ch\\\/en\\\/pilatus\",\"name\":\"Pilatus\",\"isPartOf\":{\"@id\":\"https:\\\/\\\/astroevents.ch\\\/#website\"},\"primaryImageOfPage\":{\"@id\":\"https:\\\/\\\/astroevents.ch\\\/en\\\/pilatus#primaryimage\"},\"image\":{\"@id\":\"https:\\\/\\\/astroevents.ch\\\/en\\\/pilatus#primaryimage\"},\"thumbnailUrl\":\"https:\\\/\\\/astroevents.ch\\\/wp-content\\\/uploads\\\/2021\\\/12\\\/Astro-Gruppe1-Oliver-Schmid-1024x683.jpg\",\"datePublished\":\"2020-02-26T23:25:05+00:00\",\"dateModified\":\"2021-12-18T16:44:21+00:00\",\"breadcrumb\":{\"@id\":\"https:\\\/\\\/astroevents.ch\\\/en\\\/pilatus#breadcrumb\"},\"inLanguage\":\"en-uk\",\"potentialAction\":[{\"@type\":\"ReadAction\",\"target\":[\"https:\\\/\\\/astroevents.ch\\\/en\\\/pilatus\"]}]},{\"@type\":\"ImageObject\",\"inLanguage\":\"en-uk\",\"@id\":\"https:\\\/\\\/astroevents.ch\\\/en\\\/pilatus#primaryimage\",\"url\":\"https:\\\/\\\/astroevents.ch\\\/wp-content\\\/uploads\\\/2021\\\/12\\\/Astro-Gruppe1-Oliver-Schmid-1024x683.jpg\",\"contentUrl\":\"https:\\\/\\\/astroevents.ch\\\/wp-content\\\/uploads\\\/2021\\\/12\\\/Astro-Gruppe1-Oliver-Schmid-1024x683.jpg\"},{\"@type\":\"BreadcrumbList\",\"@id\":\"https:\\\/\\\/astroevents.ch\\\/en\\\/pilatus#breadcrumb\",\"itemListElement\":[{\"@type\":\"ListItem\",\"position\":1,\"name\":\"Home\",\"item\":\"https:\\\/\\\/astroevents.ch\\\/en\\\/\"},{\"@type\":\"ListItem\",\"position\":2,\"name\":\"Pilatus\"}]},{\"@type\":\"WebSite\",\"@id\":\"https:\\\/\\\/astroevents.ch\\\/#website\",\"url\":\"https:\\\/\\\/astroevents.ch\\\/\",\"name\":\"Astro Events\",\"description\":\"Astro Events allows you to discover during evening events the universe.\",\"publisher\":{\"@id\":\"https:\\\/\\\/astroevents.ch\\\/#organization\"},\"potentialAction\":[{\"@type\":\"SearchAction\",\"target\":{\"@type\":\"EntryPoint\",\"urlTemplate\":\"https:\\\/\\\/astroevents.ch\\\/?s={search_term_string}\"},\"query-input\":{\"@type\":\"PropertyValueSpecification\",\"valueRequired\":true,\"valueName\":\"search_term_string\"}}],\"inLanguage\":\"en-uk\"},{\"@type\":\"Organization\",\"@id\":\"https:\\\/\\\/astroevents.ch\\\/#organization\",\"name\":\"Astro Events\",\"url\":\"https:\\\/\\\/astroevents.ch\\\/\",\"logo\":{\"@type\":\"ImageObject\",\"inLanguage\":\"en-uk\",\"@id\":\"https:\\\/\\\/astroevents.ch\\\/#\\\/schema\\\/logo\\\/image\\\/\",\"url\":\"https:\\\/\\\/astroevents.ch\\\/wp-content\\\/uploads\\\/2020\\\/02\\\/AstroEvent_logo_white_path.png\",\"contentUrl\":\"https:\\\/\\\/astroevents.ch\\\/wp-content\\\/uploads\\\/2020\\\/02\\\/AstroEvent_logo_white_path.png\",\"width\":1113,\"height\":910,\"caption\":\"Astro Events\"},\"image\":{\"@id\":\"https:\\\/\\\/astroevents.ch\\\/#\\\/schema\\\/logo\\\/image\\\/\"}}]}<\/script>\n<!-- \/ Yoast SEO plugin. -->","yoast_head_json":{"title":"Pilatus","robots":{"index":"index","follow":"follow","max-snippet":"max-snippet:-1","max-image-preview":"max-image-preview:large","max-video-preview":"max-video-preview:-1"},"canonical":"https:\/\/astroevents.ch\/en\/pilatus","og_locale":"en_GB","og_type":"article","og_title":"[:de]Pilatus[:] - Astro Events","og_description":"Der Pilatus ist ein Ausflugsziel f\u00fcr jede Jahreszeit und befindet sich in der Zentralschweiz oberhalb von Luzern. Der Berg kann das ganze Jahr \u00fcber erreicht werden \u00fcber die Seilbahn (Kriens)&hellip;&nbsp;Read More &raquo;Pilatus","og_url":"https:\/\/astroevents.ch\/en\/pilatus","og_site_name":"Astro Events","article_modified_time":"2021-12-18T16:44:21+00:00","og_image":[{"url":"https:\/\/astroevents.ch\/wp-content\/uploads\/2021\/12\/Astro-Gruppe1-Oliver-Schmid-1024x683.jpg","type":"","width":"","height":""}],"twitter_card":"summary_large_image","twitter_misc":{"Estimated reading time":"1 minute"},"schema":{"@context":"https:\/\/schema.org","@graph":[{"@type":"WebPage","@id":"https:\/\/astroevents.ch\/en\/pilatus","url":"https:\/\/astroevents.ch\/en\/pilatus","name":"Pilatus","isPartOf":{"@id":"https:\/\/astroevents.ch\/#website"},"primaryImageOfPage":{"@id":"https:\/\/astroevents.ch\/en\/pilatus#primaryimage"},"image":{"@id":"https:\/\/astroevents.ch\/en\/pilatus#primaryimage"},"thumbnailUrl":"https:\/\/astroevents.ch\/wp-content\/uploads\/2021\/12\/Astro-Gruppe1-Oliver-Schmid-1024x683.jpg","datePublished":"2020-02-26T23:25:05+00:00","dateModified":"2021-12-18T16:44:21+00:00","breadcrumb":{"@id":"https:\/\/astroevents.ch\/en\/pilatus#breadcrumb"},"inLanguage":"en-uk","potentialAction":[{"@type":"ReadAction","target":["https:\/\/astroevents.ch\/en\/pilatus"]}]},{"@type":"ImageObject","inLanguage":"en-uk","@id":"https:\/\/astroevents.ch\/en\/pilatus#primaryimage","url":"https:\/\/astroevents.ch\/wp-content\/uploads\/2021\/12\/Astro-Gruppe1-Oliver-Schmid-1024x683.jpg","contentUrl":"https:\/\/astroevents.ch\/wp-content\/uploads\/2021\/12\/Astro-Gruppe1-Oliver-Schmid-1024x683.jpg"},{"@type":"BreadcrumbList","@id":"https:\/\/astroevents.ch\/en\/pilatus#breadcrumb","itemListElement":[{"@type":"ListItem","position":1,"name":"Home","item":"https:\/\/astroevents.ch\/en\/"},{"@type":"ListItem","position":2,"name":"Pilatus"}]},{"@type":"WebSite","@id":"https:\/\/astroevents.ch\/#website","url":"https:\/\/astroevents.ch\/","name":"Astro Events","description":"Astro Events allows you to discover during evening events the universe.","publisher":{"@id":"https:\/\/astroevents.ch\/#organization"},"potentialAction":[{"@type":"SearchAction","target":{"@type":"EntryPoint","urlTemplate":"https:\/\/astroevents.ch\/?s={search_term_string}"},"query-input":{"@type":"PropertyValueSpecification","valueRequired":true,"valueName":"search_term_string"}}],"inLanguage":"en-uk"},{"@type":"Organization","@id":"https:\/\/astroevents.ch\/#organization","name":"Astro Events","url":"https:\/\/astroevents.ch\/","logo":{"@type":"ImageObject","inLanguage":"en-uk","@id":"https:\/\/astroevents.ch\/#\/schema\/logo\/image\/","url":"https:\/\/astroevents.ch\/wp-content\/uploads\/2020\/02\/AstroEvent_logo_white_path.png","contentUrl":"https:\/\/astroevents.ch\/wp-content\/uploads\/2020\/02\/AstroEvent_logo_white_path.png","width":1113,"height":910,"caption":"Astro Events"},"image":{"@id":"https:\/\/astroevents.ch\/#\/schema\/logo\/image\/"}}]}},"_links":{"self":[{"href":"https:\/\/astroevents.ch\/en\/wp-json\/wp\/v2\/pages\/85","targetHints":{"allow":["GET"]}}],"collection":[{"href":"https:\/\/astroevents.ch\/en\/wp-json\/wp\/v2\/pages"}],"about":[{"href":"https:\/\/astroevents.ch\/en\/wp-json\/wp\/v2\/types\/page"}],"author":[{"embeddable":true,"href":"https:\/\/astroevents.ch\/en\/wp-json\/wp\/v2\/users\/1"}],"replies":[{"embeddable":true,"href":"https:\/\/astroevents.ch\/en\/wp-json\/wp\/v2\/comments?post=85"}],"version-history":[{"count":3,"href":"https:\/\/astroevents.ch\/en\/wp-json\/wp\/v2\/pages\/85\/revisions"}],"predecessor-version":[{"id":471,"href":"https:\/\/astroevents.ch\/en\/wp-json\/wp\/v2\/pages\/85\/revisions\/471"}],"wp:attachment":[{"href":"https:\/\/astroevents.ch\/en\/wp-json\/wp\/v2\/media?parent=85"}],"curies":[{"name":"wp","href":"https:\/\/api.w.org\/{rel}","templated":true}]}}