{"id":23,"date":"2020-02-26T16:29:37","date_gmt":"2020-02-26T16:29:37","guid":{"rendered":"https:\/\/astroevent.ch\/?page_id=23"},"modified":"2023-10-05T10:29:37","modified_gmt":"2023-10-05T10:29:37","slug":"unsere-gruppe","status":"publish","type":"page","link":"https:\/\/astroevents.ch\/en\/unsere-gruppe","title":{"rendered":"Unsere Gruppe"},"content":{"rendered":"\n<p>Astro Events ist eine 30 k\u00f6pfige Gruppe von Passionierten in Astronomie, die haupts\u00e4chlich aus wissenschaftlichen Bereichen stammen, wie Physik, Mathematik oder Chemie.<\/p>\n\n\n\n<p>Unser Ziel ist es das doch schwer erreichbare Thema der Astronomie der \u00d6ffentlichkeit zug\u00e4nglich zu machen. Wir wollen die Astronomie auf einfache und verst\u00e4ndliche Art und Weise erkl\u00e4ren. Des weiteren wollen wir unsere Passion mit unseren Besuchern teilen und das Interesse f\u00fcr Astronomie in Ihnen erwecken.<\/p>\n\n\n\n<div class=\"wp-block-group\"><div class=\"wp-block-group__inner-container is-layout-flow wp-block-group-is-layout-flow\">\n\n\n<p><\/p>\n<\/div><\/div>\n\n\n\n<p><\/p>\n","protected":false},"excerpt":{"rendered":"<p>Astro Events ist eine 30 k\u00f6pfige Gruppe von Passionierten in Astronomie, die haupts\u00e4chlich aus wissenschaftlichen Bereichen stammen, wie Physik, Mathematik oder Chemie. Unser Ziel ist es das doch schwer erreichbare&hellip;&nbsp;<a href=\"https:\/\/astroevents.ch\/en\/unsere-gruppe\" rel=\"bookmark\">Read More &raquo;<span class=\"screen-reader-text\">Unsere Gruppe<\/span><\/a><\/p>\n","protected":false},"author":1,"featured_media":0,"parent":0,"menu_order":0,"comment_status":"closed","ping_status":"closed","template":"","meta":{"_monsterinsights_skip_tracking":false,"_monsterinsights_sitenote_active":false,"_monsterinsights_sitenote_note":"","_monsterinsights_sitenote_category":0,"neve_meta_sidebar":"","neve_meta_container":"","neve_meta_enable_content_width":"off","neve_meta_content_width":0,"neve_meta_title_alignment":"","neve_meta_author_avatar":"","neve_post_elements_order":"","neve_meta_disable_header":"","neve_meta_disable_footer":"","neve_meta_disable_title":"","footnotes":""},"class_list":["post-23","page","type-page","status-publish","hentry"],"yoast_head":"<!-- This site is optimized with the Yoast SEO plugin v27.3 - https:\/\/yoast.com\/product\/yoast-seo-wordpress\/ -->\n<title>Unsere Gruppe<\/title>\n<meta name=\"robots\" content=\"index, follow, max-snippet:-1, max-image-preview:large, max-video-preview:-1\" \/>\n<link rel=\"canonical\" href=\"https:\/\/astroevents.ch\/en\/unsere-gruppe\" \/>\n<meta property=\"og:locale\" content=\"en_GB\" \/>\n<meta property=\"og:locale:alternate\" content=\"de_CH\" \/>\n<meta property=\"og:locale:alternate\" content=\"fr_FR\" \/>\n<meta property=\"og:type\" content=\"article\" \/>\n<meta property=\"og:title\" content=\"Unsere Gruppe\" \/>\n<meta property=\"og:description\" content=\"Astro Events ist eine 30 k\u00f6pfige Gruppe von Passionierten in Astronomie, die haupts\u00e4chlich aus wissenschaftlichen Bereichen stammen, wie Physik, Mathematik oder Chemie. Unser Ziel ist es das doch schwer erreichbare&hellip;&nbsp;Read More &raquo;Unsere Gruppe\" \/>\n<meta property=\"og:url\" content=\"https:\/\/astroevents.ch\/en\/unsere-gruppe\" \/>\n<meta property=\"og:site_name\" content=\"Astro Events\" \/>\n<meta property=\"article:modified_time\" content=\"2023-10-05T10:29:37+00:00\" \/>\n<meta name=\"twitter:card\" content=\"summary_large_image\" \/>\n<meta name=\"twitter:label1\" content=\"Estimated reading time\" \/>\n\t<meta name=\"twitter:data1\" content=\"1 minute\" \/>\n<script type=\"application\/ld+json\" class=\"yoast-schema-graph\">{\"@context\":\"https:\\\/\\\/schema.org\",\"@graph\":[{\"@type\":\"WebPage\",\"@id\":\"https:\\\/\\\/astroevents.ch\\\/unsere-gruppe\",\"url\":\"https:\\\/\\\/astroevents.ch\\\/unsere-gruppe\",\"name\":\"Unsere Gruppe\",\"isPartOf\":{\"@id\":\"https:\\\/\\\/astroevents.ch\\\/#website\"},\"datePublished\":\"2020-02-26T16:29:37+00:00\",\"dateModified\":\"2023-10-05T10:29:37+00:00\",\"breadcrumb\":{\"@id\":\"https:\\\/\\\/astroevents.ch\\\/unsere-gruppe#breadcrumb\"},\"inLanguage\":\"en-uk\",\"potentialAction\":[{\"@type\":\"ReadAction\",\"target\":[\"https:\\\/\\\/astroevents.ch\\\/unsere-gruppe\"]}]},{\"@type\":\"BreadcrumbList\",\"@id\":\"https:\\\/\\\/astroevents.ch\\\/unsere-gruppe#breadcrumb\",\"itemListElement\":[{\"@type\":\"ListItem\",\"position\":1,\"name\":\"Home\",\"item\":\"https:\\\/\\\/astroevents.ch\\\/en\\\/\"},{\"@type\":\"ListItem\",\"position\":2,\"name\":\"Unsere Gruppe\"}]},{\"@type\":\"WebSite\",\"@id\":\"https:\\\/\\\/astroevents.ch\\\/#website\",\"url\":\"https:\\\/\\\/astroevents.ch\\\/\",\"name\":\"Astro Events\",\"description\":\"Astro Events allows you to discover during evening events the universe.\",\"publisher\":{\"@id\":\"https:\\\/\\\/astroevents.ch\\\/#organization\"},\"potentialAction\":[{\"@type\":\"SearchAction\",\"target\":{\"@type\":\"EntryPoint\",\"urlTemplate\":\"https:\\\/\\\/astroevents.ch\\\/?s={search_term_string}\"},\"query-input\":{\"@type\":\"PropertyValueSpecification\",\"valueRequired\":true,\"valueName\":\"search_term_string\"}}],\"inLanguage\":\"en-uk\"},{\"@type\":\"Organization\",\"@id\":\"https:\\\/\\\/astroevents.ch\\\/#organization\",\"name\":\"Astro Events\",\"url\":\"https:\\\/\\\/astroevents.ch\\\/\",\"logo\":{\"@type\":\"ImageObject\",\"inLanguage\":\"en-uk\",\"@id\":\"https:\\\/\\\/astroevents.ch\\\/#\\\/schema\\\/logo\\\/image\\\/\",\"url\":\"https:\\\/\\\/astroevents.ch\\\/wp-content\\\/uploads\\\/2020\\\/02\\\/AstroEvent_logo_white_path.png\",\"contentUrl\":\"https:\\\/\\\/astroevents.ch\\\/wp-content\\\/uploads\\\/2020\\\/02\\\/AstroEvent_logo_white_path.png\",\"width\":1113,\"height\":910,\"caption\":\"Astro Events\"},\"image\":{\"@id\":\"https:\\\/\\\/astroevents.ch\\\/#\\\/schema\\\/logo\\\/image\\\/\"}}]}<\/script>\n<!-- \/ Yoast SEO plugin. -->","yoast_head_json":{"title":"Unsere Gruppe","robots":{"index":"index","follow":"follow","max-snippet":"max-snippet:-1","max-image-preview":"max-image-preview:large","max-video-preview":"max-video-preview:-1"},"canonical":"https:\/\/astroevents.ch\/en\/unsere-gruppe","og_locale":"en_GB","og_type":"article","og_title":"[:de]Unsere Gruppe[:fr]Notre \u00e9quipe[:en]Unsere Gruppe[:] - Astro Events","og_description":"Astro Events ist eine 30 k\u00f6pfige Gruppe von Passionierten in Astronomie, die haupts\u00e4chlich aus wissenschaftlichen Bereichen stammen, wie Physik, Mathematik oder Chemie. Unser Ziel ist es das doch schwer erreichbare&hellip;&nbsp;Read More &raquo;Unsere Gruppe","og_url":"https:\/\/astroevents.ch\/en\/unsere-gruppe","og_site_name":"Astro Events","article_modified_time":"2023-10-05T10:29:37+00:00","twitter_card":"summary_large_image","twitter_misc":{"Estimated reading time":"1 minute"},"schema":{"@context":"https:\/\/schema.org","@graph":[{"@type":"WebPage","@id":"https:\/\/astroevents.ch\/unsere-gruppe","url":"https:\/\/astroevents.ch\/unsere-gruppe","name":"Unsere Gruppe","isPartOf":{"@id":"https:\/\/astroevents.ch\/#website"},"datePublished":"2020-02-26T16:29:37+00:00","dateModified":"2023-10-05T10:29:37+00:00","breadcrumb":{"@id":"https:\/\/astroevents.ch\/unsere-gruppe#breadcrumb"},"inLanguage":"en-uk","potentialAction":[{"@type":"ReadAction","target":["https:\/\/astroevents.ch\/unsere-gruppe"]}]},{"@type":"BreadcrumbList","@id":"https:\/\/astroevents.ch\/unsere-gruppe#breadcrumb","itemListElement":[{"@type":"ListItem","position":1,"name":"Home","item":"https:\/\/astroevents.ch\/en\/"},{"@type":"ListItem","position":2,"name":"Unsere Gruppe"}]},{"@type":"WebSite","@id":"https:\/\/astroevents.ch\/#website","url":"https:\/\/astroevents.ch\/","name":"Astro Events","description":"Astro Events allows you to discover during evening events the universe.","publisher":{"@id":"https:\/\/astroevents.ch\/#organization"},"potentialAction":[{"@type":"SearchAction","target":{"@type":"EntryPoint","urlTemplate":"https:\/\/astroevents.ch\/?s={search_term_string}"},"query-input":{"@type":"PropertyValueSpecification","valueRequired":true,"valueName":"search_term_string"}}],"inLanguage":"en-uk"},{"@type":"Organization","@id":"https:\/\/astroevents.ch\/#organization","name":"Astro Events","url":"https:\/\/astroevents.ch\/","logo":{"@type":"ImageObject","inLanguage":"en-uk","@id":"https:\/\/astroevents.ch\/#\/schema\/logo\/image\/","url":"https:\/\/astroevents.ch\/wp-content\/uploads\/2020\/02\/AstroEvent_logo_white_path.png","contentUrl":"https:\/\/astroevents.ch\/wp-content\/uploads\/2020\/02\/AstroEvent_logo_white_path.png","width":1113,"height":910,"caption":"Astro Events"},"image":{"@id":"https:\/\/astroevents.ch\/#\/schema\/logo\/image\/"}}]}},"_links":{"self":[{"href":"https:\/\/astroevents.ch\/en\/wp-json\/wp\/v2\/pages\/23","targetHints":{"allow":["GET"]}}],"collection":[{"href":"https:\/\/astroevents.ch\/en\/wp-json\/wp\/v2\/pages"}],"about":[{"href":"https:\/\/astroevents.ch\/en\/wp-json\/wp\/v2\/types\/page"}],"author":[{"embeddable":true,"href":"https:\/\/astroevents.ch\/en\/wp-json\/wp\/v2\/users\/1"}],"replies":[{"embeddable":true,"href":"https:\/\/astroevents.ch\/en\/wp-json\/wp\/v2\/comments?post=23"}],"version-history":[{"count":20,"href":"https:\/\/astroevents.ch\/en\/wp-json\/wp\/v2\/pages\/23\/revisions"}],"predecessor-version":[{"id":711,"href":"https:\/\/astroevents.ch\/en\/wp-json\/wp\/v2\/pages\/23\/revisions\/711"}],"wp:attachment":[{"href":"https:\/\/astroevents.ch\/en\/wp-json\/wp\/v2\/media?parent=23"}],"curies":[{"name":"wp","href":"https:\/\/api.w.org\/{rel}","templated":true}]}}